{"id":3165,"date":"2022-01-11T19:25:36","date_gmt":"2022-01-11T19:25:36","guid":{"rendered":"https:\/\/greenwhale.eu\/?page_id=3165"},"modified":"2024-12-04T09:26:22","modified_gmt":"2024-12-04T09:26:22","slug":"payment-methods","status":"publish","type":"page","link":"https:\/\/greenwhale.eu\/en\/payment-methods\/","title":{"rendered":"Payment methods"},"content":{"rendered":"\n\t<section class=\"section\" id=\"section_1953407616\">\n\t\t<div class=\"section-bg fill\" >\n\t\t\t<img loading=\"lazy\" decoding=\"async\" width=\"2560\" height=\"1743\" src=\"https:\/\/greenwhale.eu\/wp-content\/uploads\/2021\/01\/pexels-min-an-1599969-scaled-e1612102638875.jpg\" class=\"bg attachment-original size-original\" alt=\"\" \/>\t\t\t\t\t\t<div class=\"section-bg-overlay absolute fill\"><\/div>\n\t\t\t\n\n\t\t<\/div>\n\n\t\t\n\n\t\t<div class=\"section-content relative\">\n\t\t\t\n<div class=\"row row-collapse align-center\" style=\"max-width:\" id=\"row-1310361306\">\n\n\t<div id=\"col-501674325\" class=\"col small-12 large-12\"  >\n\t\t\t\t<div class=\"col-inner text-center dark\"  >\n\t\t\t\n\t\t\t\n<h1><span style=\"font-size: 150%;\" data-text-color=\"secondary\">PAYMENT METHODS<\/span><\/h1>\n\t\t<\/div>\n\t\t\t\t\n<style>\n#col-501674325 > .col-inner {\n  padding: 100px 20px 200px 0px;\n}\n@media (min-width:550px) {\n  #col-501674325 > .col-inner {\n    padding: 100px 0px 200px 0px;\n  }\n}\n<\/style>\n\t<\/div>\n\n\t\n<\/div>\n\t\t<\/div>\n\n\t\t\n<style>\n#section_1953407616 {\n  padding-top: 0px;\n  padding-bottom: 0px;\n  min-height: 0px;\n}\n#section_1953407616 .section-bg-overlay {\n  background-color: rgba(0, 0, 0, 0.12);\n}\n#section_1953407616 .section-bg img {\n  object-position: 5% 72%;\n}\n@media (min-width:550px) {\n  #section_1953407616 {\n    padding-top: 0px;\n    padding-bottom: 0px;\n  }\n  #section_1953407616 .section-bg-overlay {\n    background-color: rgba(0, 0, 0, 0.21);\n  }\n}\n@media (min-width:850px) {\n  #section_1953407616 {\n    padding-top: 60px;\n    padding-bottom: 60px;\n  }\n  #section_1953407616 .section-bg-overlay {\n    background-color: rgba(0, 0, 0, 0.12);\n  }\n}\n<\/style>\n\t<\/section>\n\t\n<div class=\"row row-large\" style=\"max-width:1400px\" id=\"row-443854238\">\n\n\t<div id=\"col-24739699\" class=\"col small-12 large-12\"  >\n\t\t\t\t<div class=\"col-inner text-left\" style=\"background-color:rgb(255,255,255);\" >\n\t\t\t\n\t<div class=\"is-border\"\n\t\tstyle=\"border-color:rgb(52, 180, 74);border-width:1px 1px 1px 1px;\">\n\t<\/div>\n\t\t\t\n<div class=\"row row-collapse row-full-width\"  id=\"row-906958030\">\n\n\t<div id=\"col-1143618913\" class=\"col small-12 large-12\"  >\n\t\t\t\t<div class=\"col-inner\"  >\n\t\t\t\n\t\t\t\n<h2>You can use one of the following payment methods on e-shop <a href=\"http:\/\/www.greenwhale.eu\">www.greenwhale.eu<\/a> :<\/h2>\n<ul>\n<li>\n<h3>Bank link (Internet banking) &#8211; on the payment page, select \u201cBank link or credit card\u201d and your bank (Swedbank, SEB, Luminor, Citadel\u0117, Medicinos bankas, \u0160iauli\u0173 bankas), check the box \u201cI have read and agree to the website terms and conditions &#8220;And click\u201c Pay \u201d- you\u2019ll be redirected to your bank\u2019s page.<\/h3>\n<\/li>\n<\/ul>\n<p>If you choose this payment method, we will see Your payment will reach us immediately and we will start preparing Your order right away.<\/p>\n<ul>\n<li>\n<h3>Credit card VISA, Mastercard, Revolut or Apple Pay, Google Pay &#8211; select \u201cE. banking or credit card \u201d and credit card type VISA or Revolut. Check &#8220;I have read and agree to the website terms and conditions&#8221; and click &#8220;Pay&#8221; &#8211; You will be redirected to your bank&#8217;s page.<\/h3>\n<\/li>\n<\/ul>\n<p>If you choose this payment method, we will see Your payment will reach us immediately and we will start preparing Your order right away.<\/p>\n<ul>\n<li>\n<h3>Bank transfer &#8211; select &#8220;Bank transfer&#8221; on the payment page. Check &#8220;I have read and agree to the terms and conditions of the page&#8221; and click &#8220;Pay&#8221; &#8211; You will be directed to the order confirmation page for payment information. Please indicate the order number in the payment purpose.<\/h3>\n<\/li>\n<\/ul>\n<p>We will start to prepare Your order after the payment will be received.<\/p>\n<h4>Our partners &#8211; payment infrastructure company Make Commerce.<\/h4>\n\t\t<\/div>\n\t\t\t\t\t<\/div>\n\n\t\n\n<style>\n#row-906958030 > .col > .col-inner {\n  padding: 0px 15px 0px 15px;\n}\n<\/style>\n<\/div>\n\t\t<\/div>\n\t\t\t\t\n<style>\n#col-24739699 > .col-inner {\n  padding: 50px 20px 0px 20px;\n  margin: -0 0px 0px 0px;\n}\n@media (min-width:550px) {\n  #col-24739699 > .col-inner {\n    padding: 50px 20px 30px 20px;\n    margin: 0 0px 0px 0px;\n  }\n}\n@media (min-width:850px) {\n  #col-24739699 > .col-inner {\n    padding: 66px 5% 66px 5%;\n    margin: -250px 0px 0px 0px;\n  }\n}\n<\/style>\n\t<\/div>\n\n\t\n<\/div>\n","protected":false},"excerpt":{"rendered":"","protected":false},"author":2,"featured_media":0,"parent":0,"menu_order":0,"comment_status":"closed","ping_status":"closed","template":"page-blank.php","meta":{"footnotes":""},"class_list":["post-3165","page","type-page","status-publish","hentry"],"yoast_head":"<!-- This site is optimized with the Yoast SEO plugin v27.4 - https:\/\/yoast.com\/product\/yoast-seo-wordpress\/ -->\n<title>Payment methods - Green Whale<\/title>\n<meta name=\"description\" content=\"Payment methods You can use to pay for your purchases in the online eco-shop www.greenwhale.eu.\" \/>\n<meta name=\"robots\" content=\"index, follow, max-snippet:-1, max-image-preview:large, max-video-preview:-1\" \/>\n<link rel=\"canonical\" href=\"https:\/\/greenwhale.eu\/en\/payment-methods\/\" \/>\n<meta property=\"og:locale\" content=\"en_US\" \/>\n<meta property=\"og:type\" content=\"article\" \/>\n<meta property=\"og:title\" content=\"Payment methods - Green Whale\" \/>\n<meta property=\"og:description\" content=\"Payment methods You can use to pay for your purchases in the online eco-shop www.greenwhale.eu.\" \/>\n<meta property=\"og:url\" content=\"https:\/\/greenwhale.eu\/en\/payment-methods\/\" \/>\n<meta property=\"og:site_name\" content=\"Green Whale\" \/>\n<meta property=\"article:publisher\" content=\"https:\/\/www.facebook.com\/greenwhalelife\" \/>\n<meta property=\"article:modified_time\" content=\"2024-12-04T09:26:22+00:00\" \/>\n<meta property=\"og:image\" content=\"https:\/\/greenwhale.eu\/wp-content\/uploads\/2021\/09\/greenwhale-2.png\" \/>\n\t<meta property=\"og:image:width\" content=\"1414\" \/>\n\t<meta property=\"og:image:height\" content=\"526\" \/>\n\t<meta property=\"og:image:type\" content=\"image\/png\" \/>\n<meta name=\"twitter:card\" content=\"summary_large_image\" \/>\n<meta name=\"twitter:label1\" content=\"Est. reading time\" \/>\n\t<meta name=\"twitter:data1\" content=\"2 minutes\" \/>\n<script type=\"application\/ld+json\" class=\"yoast-schema-graph\">{\"@context\":\"https:\\\/\\\/schema.org\",\"@graph\":[{\"@type\":\"WebPage\",\"@id\":\"https:\\\/\\\/greenwhale.eu\\\/en\\\/payment-methods\\\/\",\"url\":\"https:\\\/\\\/greenwhale.eu\\\/en\\\/payment-methods\\\/\",\"name\":\"Payment methods - Green Whale\",\"isPartOf\":{\"@id\":\"https:\\\/\\\/greenwhale.eu\\\/#website\"},\"datePublished\":\"2022-01-11T19:25:36+00:00\",\"dateModified\":\"2024-12-04T09:26:22+00:00\",\"description\":\"Payment methods You can use to pay for your purchases in the online eco-shop www.greenwhale.eu.\",\"breadcrumb\":{\"@id\":\"https:\\\/\\\/greenwhale.eu\\\/en\\\/payment-methods\\\/#breadcrumb\"},\"inLanguage\":\"en-US\",\"potentialAction\":[{\"@type\":\"ReadAction\",\"target\":[\"https:\\\/\\\/greenwhale.eu\\\/en\\\/payment-methods\\\/\"]}]},{\"@type\":\"BreadcrumbList\",\"@id\":\"https:\\\/\\\/greenwhale.eu\\\/en\\\/payment-methods\\\/#breadcrumb\",\"itemListElement\":[{\"@type\":\"ListItem\",\"position\":1,\"name\":\"Home\",\"item\":\"https:\\\/\\\/greenwhale.eu\\\/en\\\/\"},{\"@type\":\"ListItem\",\"position\":2,\"name\":\"Payment methods\"}]},{\"@type\":\"WebSite\",\"@id\":\"https:\\\/\\\/greenwhale.eu\\\/#website\",\"url\":\"https:\\\/\\\/greenwhale.eu\\\/\",\"name\":\"Green Whale\",\"description\":\"Eco friendly and Zero Waste products for every occasion\",\"publisher\":{\"@id\":\"https:\\\/\\\/greenwhale.eu\\\/#organization\"},\"potentialAction\":[{\"@type\":\"SearchAction\",\"target\":{\"@type\":\"EntryPoint\",\"urlTemplate\":\"https:\\\/\\\/greenwhale.eu\\\/?s={search_term_string}\"},\"query-input\":{\"@type\":\"PropertyValueSpecification\",\"valueRequired\":true,\"valueName\":\"search_term_string\"}}],\"inLanguage\":\"en-US\"},{\"@type\":\"Organization\",\"@id\":\"https:\\\/\\\/greenwhale.eu\\\/#organization\",\"name\":\"Technikos detal\u0117s, UAB\",\"url\":\"https:\\\/\\\/greenwhale.eu\\\/\",\"logo\":{\"@type\":\"ImageObject\",\"inLanguage\":\"en-US\",\"@id\":\"https:\\\/\\\/greenwhale.eu\\\/#\\\/schema\\\/logo\\\/image\\\/\",\"url\":\"https:\\\/\\\/greenwhale.eu\\\/wp-content\\\/uploads\\\/2021\\\/09\\\/greenwhale-2.png\",\"contentUrl\":\"https:\\\/\\\/greenwhale.eu\\\/wp-content\\\/uploads\\\/2021\\\/09\\\/greenwhale-2.png\",\"width\":1414,\"height\":526,\"caption\":\"Technikos detal\u0117s, UAB\"},\"image\":{\"@id\":\"https:\\\/\\\/greenwhale.eu\\\/#\\\/schema\\\/logo\\\/image\\\/\"},\"sameAs\":[\"https:\\\/\\\/www.facebook.com\\\/greenwhalelife\",\"https:\\\/\\\/www.instagram.com\\\/greenwhale.eu\\\/\",\"https:\\\/\\\/www.linkedin.com\\\/in\\\/ausra-zaikauskiene-8bb0b581\\\/\"]}]}<\/script>\n<!-- \/ Yoast SEO plugin. -->","yoast_head_json":{"title":"Payment methods - Green Whale","description":"Payment methods You can use to pay for your purchases in the online eco-shop www.greenwhale.eu.","robots":{"index":"index","follow":"follow","max-snippet":"max-snippet:-1","max-image-preview":"max-image-preview:large","max-video-preview":"max-video-preview:-1"},"canonical":"https:\/\/greenwhale.eu\/en\/payment-methods\/","og_locale":"en_US","og_type":"article","og_title":"Payment methods - Green Whale","og_description":"Payment methods You can use to pay for your purchases in the online eco-shop www.greenwhale.eu.","og_url":"https:\/\/greenwhale.eu\/en\/payment-methods\/","og_site_name":"Green Whale","article_publisher":"https:\/\/www.facebook.com\/greenwhalelife","article_modified_time":"2024-12-04T09:26:22+00:00","og_image":[{"width":1414,"height":526,"url":"https:\/\/greenwhale.eu\/wp-content\/uploads\/2021\/09\/greenwhale-2.png","type":"image\/png"}],"twitter_card":"summary_large_image","twitter_misc":{"Est. reading time":"2 minutes"},"schema":{"@context":"https:\/\/schema.org","@graph":[{"@type":"WebPage","@id":"https:\/\/greenwhale.eu\/en\/payment-methods\/","url":"https:\/\/greenwhale.eu\/en\/payment-methods\/","name":"Payment methods - Green Whale","isPartOf":{"@id":"https:\/\/greenwhale.eu\/#website"},"datePublished":"2022-01-11T19:25:36+00:00","dateModified":"2024-12-04T09:26:22+00:00","description":"Payment methods You can use to pay for your purchases in the online eco-shop www.greenwhale.eu.","breadcrumb":{"@id":"https:\/\/greenwhale.eu\/en\/payment-methods\/#breadcrumb"},"inLanguage":"en-US","potentialAction":[{"@type":"ReadAction","target":["https:\/\/greenwhale.eu\/en\/payment-methods\/"]}]},{"@type":"BreadcrumbList","@id":"https:\/\/greenwhale.eu\/en\/payment-methods\/#breadcrumb","itemListElement":[{"@type":"ListItem","position":1,"name":"Home","item":"https:\/\/greenwhale.eu\/en\/"},{"@type":"ListItem","position":2,"name":"Payment methods"}]},{"@type":"WebSite","@id":"https:\/\/greenwhale.eu\/#website","url":"https:\/\/greenwhale.eu\/","name":"Green Whale","description":"Eco friendly and Zero Waste products for every occasion","publisher":{"@id":"https:\/\/greenwhale.eu\/#organization"},"potentialAction":[{"@type":"SearchAction","target":{"@type":"EntryPoint","urlTemplate":"https:\/\/greenwhale.eu\/?s={search_term_string}"},"query-input":{"@type":"PropertyValueSpecification","valueRequired":true,"valueName":"search_term_string"}}],"inLanguage":"en-US"},{"@type":"Organization","@id":"https:\/\/greenwhale.eu\/#organization","name":"Technikos detal\u0117s, UAB","url":"https:\/\/greenwhale.eu\/","logo":{"@type":"ImageObject","inLanguage":"en-US","@id":"https:\/\/greenwhale.eu\/#\/schema\/logo\/image\/","url":"https:\/\/greenwhale.eu\/wp-content\/uploads\/2021\/09\/greenwhale-2.png","contentUrl":"https:\/\/greenwhale.eu\/wp-content\/uploads\/2021\/09\/greenwhale-2.png","width":1414,"height":526,"caption":"Technikos detal\u0117s, UAB"},"image":{"@id":"https:\/\/greenwhale.eu\/#\/schema\/logo\/image\/"},"sameAs":["https:\/\/www.facebook.com\/greenwhalelife","https:\/\/www.instagram.com\/greenwhale.eu\/","https:\/\/www.linkedin.com\/in\/ausra-zaikauskiene-8bb0b581\/"]}]}},"_links":{"self":[{"href":"https:\/\/greenwhale.eu\/en\/wp-json\/wp\/v2\/pages\/3165","targetHints":{"allow":["GET"]}}],"collection":[{"href":"https:\/\/greenwhale.eu\/en\/wp-json\/wp\/v2\/pages"}],"about":[{"href":"https:\/\/greenwhale.eu\/en\/wp-json\/wp\/v2\/types\/page"}],"author":[{"embeddable":true,"href":"https:\/\/greenwhale.eu\/en\/wp-json\/wp\/v2\/users\/2"}],"replies":[{"embeddable":true,"href":"https:\/\/greenwhale.eu\/en\/wp-json\/wp\/v2\/comments?post=3165"}],"version-history":[{"count":4,"href":"https:\/\/greenwhale.eu\/en\/wp-json\/wp\/v2\/pages\/3165\/revisions"}],"predecessor-version":[{"id":4975,"href":"https:\/\/greenwhale.eu\/en\/wp-json\/wp\/v2\/pages\/3165\/revisions\/4975"}],"wp:attachment":[{"href":"https:\/\/greenwhale.eu\/en\/wp-json\/wp\/v2\/media?parent=3165"}],"curies":[{"name":"wp","href":"https:\/\/api.w.org\/{rel}","templated":true}]}}