{"id":773,"date":"2021-03-15T08:35:25","date_gmt":"2021-03-15T08:35:25","guid":{"rendered":"http:\/\/greenwhale.eu\/?page_id=773"},"modified":"2024-11-19T07:17:09","modified_gmt":"2024-11-19T07:17:09","slug":"contacts","status":"publish","type":"page","link":"https:\/\/greenwhale.eu\/en\/contacts\/","title":{"rendered":"Contacts"},"content":{"rendered":"<div class=\"row row-collapse row-full-width\"  id=\"row-1224148503\">\n\n\t<div id=\"col-318390861\" class=\"col small-12 large-12\"  >\n\t\t\t\t<div class=\"col-inner\"  >\n\t\t\t\n\t\t\t\n\n\t<section class=\"section\" id=\"section_1363712262\">\n\t\t<div class=\"section-bg fill\" >\n\t\t\t<img loading=\"lazy\" decoding=\"async\" width=\"2560\" height=\"1743\" src=\"https:\/\/greenwhale.eu\/wp-content\/uploads\/2021\/01\/pexels-min-an-1599969-scaled-e1612102638875.jpg\" class=\"bg attachment-original size-original\" alt=\"\" \/>\t\t\t\t\t\t<div class=\"section-bg-overlay absolute fill\"><\/div>\n\t\t\t\n\n\t\t<\/div>\n\n\t\t\n\n\t\t<div class=\"section-content relative\">\n\t\t\t\n<div class=\"row row-collapse align-center\" style=\"max-width:\" id=\"row-1404640341\">\n\n\t<div id=\"col-110087192\" class=\"col small-12 large-12\"  >\n\t\t\t\t<div class=\"col-inner text-center dark\"  >\n\t\t\t\n\t\t\t\n<h1 style=\"font-size: 45px; color: #000;\">Contacts<\/h1>\n\t\t<\/div>\n\t\t\t\t\n<style>\n#col-110087192 > .col-inner {\n  padding: 50px 0px 50px 0px;\n}\n@media (min-width:550px) {\n  #col-110087192 > .col-inner {\n    padding: 100px 0px 200px 0px;\n  }\n}\n<\/style>\n\t<\/div>\n\n\t\n<\/div>\n\t\t<\/div>\n\n\t\t\n<style>\n#section_1363712262 {\n  padding-top: 0px;\n  padding-bottom: 0px;\n  min-height: 0px;\n}\n#section_1363712262 .section-bg-overlay {\n  background-color: rgba(0, 0, 0, 0.12);\n}\n#section_1363712262 .section-bg img {\n  object-position: 5% 72%;\n}\n@media (min-width:550px) {\n  #section_1363712262 {\n    padding-top: 0px;\n    padding-bottom: 0px;\n  }\n  #section_1363712262 .section-bg-overlay {\n    background-color: rgba(0, 0, 0, 0.21);\n  }\n}\n@media (min-width:850px) {\n  #section_1363712262 {\n    padding-top: 60px;\n    padding-bottom: 60px;\n  }\n  #section_1363712262 .section-bg-overlay {\n    background-color: rgba(0, 0, 0, 0.12);\n  }\n}\n<\/style>\n\t<\/section>\n\t\n\t\t<\/div>\n\t\t\t\t\t<\/div>\n\n\t\n<\/div>\n<div class=\"row row-large\" style=\"max-width:1400px\" id=\"row-1993684549\">\n\n\t<div id=\"col-263556064\" class=\"col small-12 large-12\"  >\n\t\t\t\t<div class=\"col-inner text-left\" style=\"background-color:rgb(255,255,255);\" >\n\t\t\t\n\t<div class=\"is-border\"\n\t\tstyle=\"border-color:rgb(52, 180, 74);border-width:1px 1px 1px 1px;\">\n\t<\/div>\n\t\t\t\n<div class=\"row row-collapse row-full-width\"  id=\"row-1438093792\">\n\n\t<div id=\"col-848867557\" class=\"col medium-12 small-12 large-7\"  >\n\t\t\t\t<div class=\"col-inner text-center\"  >\n\t\t\t\n\t\t\t\n\t<div id=\"text-1287698481\" class=\"text\">\n\t\t\n<h2><span style=\"font-size: 100%;\">Contacts us!<\/span><\/h2>\n\t\t\n<style>\n#text-1287698481 {\n  text-align: center;\n}\n<\/style>\n\t<\/div>\n\t\n\t<div id=\"gap-1204448814\" class=\"gap-element clearfix\" style=\"display:block; height:auto;\">\n\t\t\n<style>\n#gap-1204448814 {\n  padding-top: 20px;\n}\n@media (min-width:550px) {\n  #gap-1204448814 {\n    padding-top: 20px;\n  }\n}\n@media (min-width:850px) {\n  #gap-1204448814 {\n    padding-top: 30px;\n  }\n}\n<\/style>\n\t<\/div>\n\t\n<div class=\"row\"  id=\"row-1712932625\">\n\n\t<div id=\"col-1808559297\" class=\"col medium-6 small-12 large-6\"  >\n\t\t\t\t<div class=\"col-inner\"  >\n\t\t\t\n\t\t\t\n\n\t<a class=\"plain\" href=\"mailto:info@greenwhale.eu\" >\t<div class=\"icon-box featured-box icon-box-center tooltip text-center\" title=\"mailto:info@greenwhale.eu\" >\n\t\t\t\t\t<div class=\"icon-box-img has-icon-bg\" style=\"width: 60px\">\n\t\t\t\t<div class=\"icon\">\n\t\t\t\t\t<div class=\"icon-inner\" style=\"border-width:2px;color:rgb(52, 180, 74);\">\n\t\t\t\t\t\t<?xml version=\"1.0\" encoding=\"UTF-8\"?> <!-- Generator: Adobe Illustrator 19.0.0, SVG Export Plug-In . SVG Version: 6.00 Build 0) --> <svg xmlns=\"http:\/\/www.w3.org\/2000\/svg\" xmlns:xlink=\"http:\/\/www.w3.org\/1999\/xlink\" version=\"1.1\" id=\"Capa_1\" x=\"0px\" y=\"0px\" viewBox=\"0 0 512 512\" style=\"enable-background:new 0 0 512 512;\" xml:space=\"preserve\"> <g> <g> <path d=\"M485.743,85.333H26.257C11.815,85.333,0,97.148,0,111.589V400.41c0,14.44,11.815,26.257,26.257,26.257h459.487 c14.44,0,26.257-11.815,26.257-26.257V111.589C512,97.148,500.185,85.333,485.743,85.333z M475.89,105.024L271.104,258.626 c-3.682,2.802-9.334,4.555-15.105,4.529c-5.77,0.026-11.421-1.727-15.104-4.529L36.109,105.024H475.89z M366.5,268.761 l111.59,137.847c0.112,0.138,0.249,0.243,0.368,0.368H33.542c0.118-0.131,0.256-0.23,0.368-0.368L145.5,268.761 c3.419-4.227,2.771-10.424-1.464-13.851c-4.227-3.419-10.424-2.771-13.844,1.457l-110.5,136.501V117.332l209.394,157.046 c7.871,5.862,17.447,8.442,26.912,8.468c9.452-0.02,19.036-2.6,26.912-8.468l209.394-157.046v275.534L381.807,256.367 c-3.42-4.227-9.623-4.877-13.844-1.457C363.729,258.329,363.079,264.534,366.5,268.761z\"><\/path> <\/g> <\/g> <g> <\/g> <g> <\/g> <g> <\/g> <g> <\/g> <g> <\/g> <g> <\/g> <g> <\/g> <g> <\/g> <g> <\/g> <g> <\/g> <g> <\/g> <g> <\/g> <g> <\/g> <g> <\/g> <g> <\/g> <\/svg> \t\t\t\t\t<\/div>\n\t\t\t\t<\/div>\n\t\t\t<\/div>\n\t\t\t\t<div class=\"icon-box-text last-reset\">\n\t\t\t<h5 class=\"uppercase\">Email<\/h5>\t\t\t<h6>info@greenwhale.eu<\/h6>\t\t\t\n\t\t<\/div>\n\t<\/div>\n\t<\/a>\n\t\n\t\t<\/div>\n\t\t\t\t\t<\/div>\n\n\t\n\n\t<div id=\"col-529651545\" class=\"col medium-5 small-12 large-6\"  >\n\t\t\t\t<div class=\"col-inner\"  >\n\t\t\t\n\t\t\t\n\n\t<a class=\"plain\" href=\"tel:37068075873\" >\t<div class=\"icon-box featured-box icon-box-center tooltip text-center\" title=\"tel:37068075873\" >\n\t\t\t\t\t<div class=\"icon-box-img has-icon-bg\" style=\"width: 60px\">\n\t\t\t\t<div class=\"icon\">\n\t\t\t\t\t<div class=\"icon-inner\" style=\"border-width:2px;color:rgb(52, 180, 74);\">\n\t\t\t\t\t\t<?xml version=\"1.0\" encoding=\"UTF-8\"?> <svg xmlns=\"http:\/\/www.w3.org\/2000\/svg\" viewBox=\"0 0 512 512.00011\"><path d=\"m232.484375 390.324219c-3.902344 3.898437-3.902344 10.230469 0 14.136719 3.910156 3.902343 10.238281 3.902343 14.136719 0 3.910156-3.90625 3.910156-10.238282 0-14.136719-3.898438-3.910157-10.226563-3.910157-14.136719 0zm0 0\"><\/path><path d=\"m488.917969 372.957031-75.921875-64.558593c-.351563-.296876-.722656-.570313-1.109375-.816407-19.917969-12.679687-45.492188-9.871093-62.191407 6.824219l-41.394531 41.390625c-2.867187 2.871094-7.144531 3.71875-10.894531 2.171875-46.742188-19.335938-85.140625-48.445312-114.128906-86.511719-22.105469-29.027343-30.074219-52.09375-31.125-55.34375-.125-.695312-.324219-1.386719-.605469-2.0625-1.550781-3.75-.703125-8.019531 2.171875-10.886719l41.390625-41.402343c16.699219-16.699219 19.503906-42.273438 6.824219-62.191407-.101563-.160156-.207032-.316406-.316406-.472656l-54.828126-76.191406c-17.25-26.761719-54.824218-30.804688-77.375-8.257812l-8.289062 8.289062c-.003906.007812-.011719.015625-.019531.019531l-29.59375 29.59375c-35.289063 35.292969-41.0625 88.324219-16.691407 153.371094 20.875 55.71875 62.664063 116.699219 117.667969 171.703125 56.304688 56.304688 118.933594 98.867188 176.347657 119.847656 56.828124 20.761719 117.277343 23.320313 160.0625-19.46875l27.910156-27.90625c22.449218-22.453125 18.53125-59.78125-7.890625-77.140625zm-88.3125-48.847656 75.855469 64.503906c.347656.296875.71875.570313 1.105468.816407 16.203125 10.316406 18.65625 32.972656 5.097656 46.527343l-2.070312 2.074219-129.378906-96.867188 12.621094-12.617187c9.863281-9.867187 24.894531-11.652344 36.769531-4.4375zm-270.523438-290.214844c.101563.160157.207031.320313.316407.472657l54.804687 76.164062c7.445313 11.917969 5.722656 27.132812-4.234375 37.089844l-12.230469 12.234375-87.53125-128.71875 2.347657-2.347657c13.613281-13.613281 36.25-11.039062 46.527343 5.105469zm185.613281 444.792969c-54.734374-20-114.777343-60.914062-169.066406-115.203125-53.03125-53.027344-93.191406-111.476563-113.085937-164.578125-14.933594-39.859375-24.953125-95.152344 12.109375-132.210938l21.160156-21.164062 87.53125 128.71875-14.761719 14.769531c-8.398437 8.382813-11.039062 20.789063-6.847656 31.835938 3.15625 12.953125 17.679687 39.839843 32.332031 59.652343 21.5625 29.15625 60.699219 69.464844 124.695313 95.941407 11.246093 4.652343 24.070312 2.097656 32.679687-6.507813l14.488282-14.492187 129.378906 96.867187-11.550782 11.546875c-39.730468 39.734375-97.550781 29.992188-139.0625 14.824219zm0 0\"><\/path><path d=\"m213.71875 366.449219c-10.5625-9.261719-28.832031-25.191407-38.453125-35.089844-23.59375-24.246094-48.347656-53.636719-63.066406-74.871094-3.144531-4.539062-9.375-5.671875-13.914063-2.523437-4.539062 3.144531-5.667968 9.375-2.523437 13.914062 18.5625 26.78125 45.835937 57.554688 65.167969 77.421875 10.15625 10.453125 28.582031 26.523438 39.601562 36.183594 4.144531 3.632813 10.460938 3.234375 14.113281-.925781 3.640625-4.148438 3.226563-10.46875-.925781-14.109375zm0 0\"><\/path><\/svg> \t\t\t\t\t<\/div>\n\t\t\t\t<\/div>\n\t\t\t<\/div>\n\t\t\t\t<div class=\"icon-box-text last-reset\">\n\t\t\t<h5 class=\"uppercase\">Phone number<\/h5>\t\t\t<h6>+370 680 75873<\/h6>\t\t\t\n\t\t<\/div>\n\t<\/div>\n\t<\/a>\n\t\n\t\t<\/div>\n\t\t\t\t\t<\/div>\n\n\t\n<\/div>\n\t<div id=\"gap-1484675958\" class=\"gap-element clearfix\" style=\"display:block; height:auto;\">\n\t\t\n<style>\n#gap-1484675958 {\n  padding-top: 20px;\n}\n@media (min-width:550px) {\n  #gap-1484675958 {\n    padding-top: 20px;\n  }\n}\n@media (min-width:850px) {\n  #gap-1484675958 {\n    padding-top: 30px;\n  }\n}\n<\/style>\n\t<\/div>\n\t\n<h2><span style=\"font-size: 100%;\">Would You like to be our partner?<\/span><\/h2>\n\t<div id=\"gap-993723584\" class=\"gap-element clearfix\" style=\"display:block; height:auto;\">\n\t\t\n<style>\n#gap-993723584 {\n  padding-top: 20px;\n}\n@media (min-width:550px) {\n  #gap-993723584 {\n    padding-top: 20px;\n  }\n}\n@media (min-width:850px) {\n  #gap-993723584 {\n    padding-top: 30px;\n  }\n}\n<\/style>\n\t<\/div>\n\t\n\n\t<a class=\"plain\" href=\"mailto:partneris@greenwhale.eu\" >\t<div class=\"icon-box featured-box icon-box-center tooltip text-center\" title=\"mailto:info@greenwhale.eu\" >\n\t\t\t\t\t<div class=\"icon-box-img has-icon-bg\" style=\"width: 60px\">\n\t\t\t\t<div class=\"icon\">\n\t\t\t\t\t<div class=\"icon-inner\" style=\"border-width:2px;color:rgb(52, 180, 74);\">\n\t\t\t\t\t\t<?xml version=\"1.0\" encoding=\"UTF-8\"?> <!-- Generator: Adobe Illustrator 19.0.0, SVG Export Plug-In . SVG Version: 6.00 Build 0) --> <svg xmlns=\"http:\/\/www.w3.org\/2000\/svg\" xmlns:xlink=\"http:\/\/www.w3.org\/1999\/xlink\" version=\"1.1\" id=\"Capa_1\" x=\"0px\" y=\"0px\" viewBox=\"0 0 512 512\" style=\"enable-background:new 0 0 512 512;\" xml:space=\"preserve\"> <g> <g> <path d=\"M485.743,85.333H26.257C11.815,85.333,0,97.148,0,111.589V400.41c0,14.44,11.815,26.257,26.257,26.257h459.487 c14.44,0,26.257-11.815,26.257-26.257V111.589C512,97.148,500.185,85.333,485.743,85.333z M475.89,105.024L271.104,258.626 c-3.682,2.802-9.334,4.555-15.105,4.529c-5.77,0.026-11.421-1.727-15.104-4.529L36.109,105.024H475.89z M366.5,268.761 l111.59,137.847c0.112,0.138,0.249,0.243,0.368,0.368H33.542c0.118-0.131,0.256-0.23,0.368-0.368L145.5,268.761 c3.419-4.227,2.771-10.424-1.464-13.851c-4.227-3.419-10.424-2.771-13.844,1.457l-110.5,136.501V117.332l209.394,157.046 c7.871,5.862,17.447,8.442,26.912,8.468c9.452-0.02,19.036-2.6,26.912-8.468l209.394-157.046v275.534L381.807,256.367 c-3.42-4.227-9.623-4.877-13.844-1.457C363.729,258.329,363.079,264.534,366.5,268.761z\"><\/path> <\/g> <\/g> <g> <\/g> <g> <\/g> <g> <\/g> <g> <\/g> <g> <\/g> <g> <\/g> <g> <\/g> <g> <\/g> <g> <\/g> <g> <\/g> <g> <\/g> <g> <\/g> <g> <\/g> <g> <\/g> <g> <\/g> <\/svg> \t\t\t\t\t<\/div>\n\t\t\t\t<\/div>\n\t\t\t<\/div>\n\t\t\t\t<div class=\"icon-box-text last-reset\">\n\t\t\t<h5 class=\"uppercase\">Email<\/h5>\t\t\t<h6>info@greenwhale.eu<\/h6>\t\t\t\n\t\t<\/div>\n\t<\/div>\n\t<\/a>\n\t\n\t\t<\/div>\n\t\t\t\t\n<style>\n#col-848867557 > .col-inner {\n  margin: 0px 0px 0px 0px;\n}\n@media (min-width:550px) {\n  #col-848867557 > .col-inner {\n    margin: 0px 20px 0px 0px;\n  }\n}\n<\/style>\n\t<\/div>\n\n\t\n\n\t<div id=\"col-1077780012\" class=\"col medium-5 small-12 large-5\"  >\n\t\t\t\t<div class=\"col-inner\"  >\n\t\t\t\n\t\t\t\n<h1>\u00a0<\/h1>\n<h1>\u00a0<\/h1>\n<h1 style=\"text-align: center;\">Our company details<\/h1>\n<h2 style=\"text-align: center;\">JSC Tvarios<\/h2>\n<p style=\"text-align: center;\">Company code: 303981351<\/p>\n<p style=\"text-align: center;\">VAT number: LT100009301817<\/p>\n<p style=\"text-align: center;\">Address: M\u0117t\u0173 g. 3, Did\u017eiosios Rie\u0161\u0117s k., LT-14261 Vilniaus r., Lithuania\u00a0<\/p>\n\t\t<\/div>\n\t\t\t\t\t<\/div>\n\n\t\n\n<style>\n#row-1438093792 > .col > .col-inner {\n  padding: 0px 15px 0px 15px;\n}\n<\/style>\n<\/div>\n\t\t<\/div>\n\t\t\t\t\n<style>\n#col-263556064 > .col-inner {\n  padding: 50px 0px 0px 0px;\n  margin: 30px 0px 0px 0px;\n}\n@media (min-width:550px) {\n  #col-263556064 > .col-inner {\n    padding: 50px 20px 30px 20px;\n    margin: 0 0px 0px 0px;\n  }\n}\n@media (min-width:850px) {\n  #col-263556064 > .col-inner {\n    padding: 66px 5% 16px 5%;\n    margin: -135px 0px 0px 0px;\n  }\n}\n<\/style>\n\t<\/div>\n\n\t\n<\/div>\n","protected":false},"excerpt":{"rendered":"","protected":false},"author":1,"featured_media":0,"parent":0,"menu_order":0,"comment_status":"closed","ping_status":"closed","template":"page-blank.php","meta":{"footnotes":""},"class_list":["post-773","page","type-page","status-publish","hentry"],"yoast_head":"<!-- This site is optimized with the Yoast SEO plugin v27.4 - https:\/\/yoast.com\/product\/yoast-seo-wordpress\/ -->\n<title>Contacts - Green Whale<\/title>\n<meta name=\"description\" content=\"Sustainable tools for leisure and sports, everyday use and house-hold. If you have any questions or would like to cooperate - contact us - we will be happy to answer.\" \/>\n<meta name=\"robots\" content=\"index, follow, max-snippet:-1, max-image-preview:large, max-video-preview:-1\" \/>\n<link rel=\"canonical\" href=\"https:\/\/greenwhale.eu\/en\/contacts\/\" \/>\n<meta property=\"og:locale\" content=\"en_US\" \/>\n<meta property=\"og:type\" content=\"article\" \/>\n<meta property=\"og:title\" content=\"Contacts - Green Whale\" \/>\n<meta property=\"og:description\" content=\"Sustainable tools for leisure and sports, everyday use and house-hold. If you have any questions or would like to cooperate - contact us - we will be happy to answer.\" \/>\n<meta property=\"og:url\" content=\"https:\/\/greenwhale.eu\/en\/contacts\/\" \/>\n<meta property=\"og:site_name\" content=\"Green Whale\" \/>\n<meta property=\"article:publisher\" content=\"https:\/\/www.facebook.com\/greenwhalelife\" \/>\n<meta property=\"article:modified_time\" content=\"2024-11-19T07:17:09+00:00\" \/>\n<meta property=\"og:image\" content=\"https:\/\/greenwhale.eu\/wp-content\/uploads\/2021\/09\/greenwhale-2.png\" \/>\n\t<meta property=\"og:image:width\" content=\"1414\" \/>\n\t<meta property=\"og:image:height\" content=\"526\" \/>\n\t<meta property=\"og:image:type\" content=\"image\/png\" \/>\n<meta name=\"twitter:card\" content=\"summary_large_image\" \/>\n<meta name=\"twitter:label1\" content=\"Est. reading time\" \/>\n\t<meta name=\"twitter:data1\" content=\"2 minutes\" \/>\n<script type=\"application\/ld+json\" class=\"yoast-schema-graph\">{\"@context\":\"https:\\\/\\\/schema.org\",\"@graph\":[{\"@type\":\"WebPage\",\"@id\":\"https:\\\/\\\/greenwhale.eu\\\/en\\\/contacts\\\/\",\"url\":\"https:\\\/\\\/greenwhale.eu\\\/en\\\/contacts\\\/\",\"name\":\"Contacts - Green Whale\",\"isPartOf\":{\"@id\":\"https:\\\/\\\/greenwhale.eu\\\/#website\"},\"datePublished\":\"2021-03-15T08:35:25+00:00\",\"dateModified\":\"2024-11-19T07:17:09+00:00\",\"description\":\"Sustainable tools for leisure and sports, everyday use and house-hold. If you have any questions or would like to cooperate - contact us - we will be happy to answer.\",\"breadcrumb\":{\"@id\":\"https:\\\/\\\/greenwhale.eu\\\/en\\\/contacts\\\/#breadcrumb\"},\"inLanguage\":\"en-US\",\"potentialAction\":[{\"@type\":\"ReadAction\",\"target\":[\"https:\\\/\\\/greenwhale.eu\\\/en\\\/contacts\\\/\"]}]},{\"@type\":\"BreadcrumbList\",\"@id\":\"https:\\\/\\\/greenwhale.eu\\\/en\\\/contacts\\\/#breadcrumb\",\"itemListElement\":[{\"@type\":\"ListItem\",\"position\":1,\"name\":\"Home\",\"item\":\"https:\\\/\\\/greenwhale.eu\\\/en\\\/\"},{\"@type\":\"ListItem\",\"position\":2,\"name\":\"Contacts\"}]},{\"@type\":\"WebSite\",\"@id\":\"https:\\\/\\\/greenwhale.eu\\\/#website\",\"url\":\"https:\\\/\\\/greenwhale.eu\\\/\",\"name\":\"Green Whale\",\"description\":\"Eco friendly and Zero Waste products for every occasion\",\"publisher\":{\"@id\":\"https:\\\/\\\/greenwhale.eu\\\/#organization\"},\"potentialAction\":[{\"@type\":\"SearchAction\",\"target\":{\"@type\":\"EntryPoint\",\"urlTemplate\":\"https:\\\/\\\/greenwhale.eu\\\/?s={search_term_string}\"},\"query-input\":{\"@type\":\"PropertyValueSpecification\",\"valueRequired\":true,\"valueName\":\"search_term_string\"}}],\"inLanguage\":\"en-US\"},{\"@type\":\"Organization\",\"@id\":\"https:\\\/\\\/greenwhale.eu\\\/#organization\",\"name\":\"Technikos detal\u0117s, UAB\",\"url\":\"https:\\\/\\\/greenwhale.eu\\\/\",\"logo\":{\"@type\":\"ImageObject\",\"inLanguage\":\"en-US\",\"@id\":\"https:\\\/\\\/greenwhale.eu\\\/#\\\/schema\\\/logo\\\/image\\\/\",\"url\":\"https:\\\/\\\/greenwhale.eu\\\/wp-content\\\/uploads\\\/2021\\\/09\\\/greenwhale-2.png\",\"contentUrl\":\"https:\\\/\\\/greenwhale.eu\\\/wp-content\\\/uploads\\\/2021\\\/09\\\/greenwhale-2.png\",\"width\":1414,\"height\":526,\"caption\":\"Technikos detal\u0117s, UAB\"},\"image\":{\"@id\":\"https:\\\/\\\/greenwhale.eu\\\/#\\\/schema\\\/logo\\\/image\\\/\"},\"sameAs\":[\"https:\\\/\\\/www.facebook.com\\\/greenwhalelife\",\"https:\\\/\\\/www.instagram.com\\\/greenwhale.eu\\\/\",\"https:\\\/\\\/www.linkedin.com\\\/in\\\/ausra-zaikauskiene-8bb0b581\\\/\"]}]}<\/script>\n<!-- \/ Yoast SEO plugin. -->","yoast_head_json":{"title":"Contacts - Green Whale","description":"Sustainable tools for leisure and sports, everyday use and house-hold. If you have any questions or would like to cooperate - contact us - we will be happy to answer.","robots":{"index":"index","follow":"follow","max-snippet":"max-snippet:-1","max-image-preview":"max-image-preview:large","max-video-preview":"max-video-preview:-1"},"canonical":"https:\/\/greenwhale.eu\/en\/contacts\/","og_locale":"en_US","og_type":"article","og_title":"Contacts - Green Whale","og_description":"Sustainable tools for leisure and sports, everyday use and house-hold. If you have any questions or would like to cooperate - contact us - we will be happy to answer.","og_url":"https:\/\/greenwhale.eu\/en\/contacts\/","og_site_name":"Green Whale","article_publisher":"https:\/\/www.facebook.com\/greenwhalelife","article_modified_time":"2024-11-19T07:17:09+00:00","og_image":[{"width":1414,"height":526,"url":"https:\/\/greenwhale.eu\/wp-content\/uploads\/2021\/09\/greenwhale-2.png","type":"image\/png"}],"twitter_card":"summary_large_image","twitter_misc":{"Est. reading time":"2 minutes"},"schema":{"@context":"https:\/\/schema.org","@graph":[{"@type":"WebPage","@id":"https:\/\/greenwhale.eu\/en\/contacts\/","url":"https:\/\/greenwhale.eu\/en\/contacts\/","name":"Contacts - Green Whale","isPartOf":{"@id":"https:\/\/greenwhale.eu\/#website"},"datePublished":"2021-03-15T08:35:25+00:00","dateModified":"2024-11-19T07:17:09+00:00","description":"Sustainable tools for leisure and sports, everyday use and house-hold. If you have any questions or would like to cooperate - contact us - we will be happy to answer.","breadcrumb":{"@id":"https:\/\/greenwhale.eu\/en\/contacts\/#breadcrumb"},"inLanguage":"en-US","potentialAction":[{"@type":"ReadAction","target":["https:\/\/greenwhale.eu\/en\/contacts\/"]}]},{"@type":"BreadcrumbList","@id":"https:\/\/greenwhale.eu\/en\/contacts\/#breadcrumb","itemListElement":[{"@type":"ListItem","position":1,"name":"Home","item":"https:\/\/greenwhale.eu\/en\/"},{"@type":"ListItem","position":2,"name":"Contacts"}]},{"@type":"WebSite","@id":"https:\/\/greenwhale.eu\/#website","url":"https:\/\/greenwhale.eu\/","name":"Green Whale","description":"Eco friendly and Zero Waste products for every occasion","publisher":{"@id":"https:\/\/greenwhale.eu\/#organization"},"potentialAction":[{"@type":"SearchAction","target":{"@type":"EntryPoint","urlTemplate":"https:\/\/greenwhale.eu\/?s={search_term_string}"},"query-input":{"@type":"PropertyValueSpecification","valueRequired":true,"valueName":"search_term_string"}}],"inLanguage":"en-US"},{"@type":"Organization","@id":"https:\/\/greenwhale.eu\/#organization","name":"Technikos detal\u0117s, UAB","url":"https:\/\/greenwhale.eu\/","logo":{"@type":"ImageObject","inLanguage":"en-US","@id":"https:\/\/greenwhale.eu\/#\/schema\/logo\/image\/","url":"https:\/\/greenwhale.eu\/wp-content\/uploads\/2021\/09\/greenwhale-2.png","contentUrl":"https:\/\/greenwhale.eu\/wp-content\/uploads\/2021\/09\/greenwhale-2.png","width":1414,"height":526,"caption":"Technikos detal\u0117s, UAB"},"image":{"@id":"https:\/\/greenwhale.eu\/#\/schema\/logo\/image\/"},"sameAs":["https:\/\/www.facebook.com\/greenwhalelife","https:\/\/www.instagram.com\/greenwhale.eu\/","https:\/\/www.linkedin.com\/in\/ausra-zaikauskiene-8bb0b581\/"]}]}},"_links":{"self":[{"href":"https:\/\/greenwhale.eu\/en\/wp-json\/wp\/v2\/pages\/773","targetHints":{"allow":["GET"]}}],"collection":[{"href":"https:\/\/greenwhale.eu\/en\/wp-json\/wp\/v2\/pages"}],"about":[{"href":"https:\/\/greenwhale.eu\/en\/wp-json\/wp\/v2\/types\/page"}],"author":[{"embeddable":true,"href":"https:\/\/greenwhale.eu\/en\/wp-json\/wp\/v2\/users\/1"}],"replies":[{"embeddable":true,"href":"https:\/\/greenwhale.eu\/en\/wp-json\/wp\/v2\/comments?post=773"}],"version-history":[{"count":4,"href":"https:\/\/greenwhale.eu\/en\/wp-json\/wp\/v2\/pages\/773\/revisions"}],"predecessor-version":[{"id":4942,"href":"https:\/\/greenwhale.eu\/en\/wp-json\/wp\/v2\/pages\/773\/revisions\/4942"}],"wp:attachment":[{"href":"https:\/\/greenwhale.eu\/en\/wp-json\/wp\/v2\/media?parent=773"}],"curies":[{"name":"wp","href":"https:\/\/api.w.org\/{rel}","templated":true}]}}