{"id":1175,"date":"2021-04-07T08:45:30","date_gmt":"2021-04-07T08:45:30","guid":{"rendered":"http:\/\/greenwhale.eu\/product\/beeswax-wraps\/"},"modified":"2026-04-10T20:34:18","modified_gmt":"2026-04-10T20:34:18","slug":"beeswax-wraps","status":"publish","type":"product","link":"https:\/\/greenwhale.eu\/en\/product\/beeswax-wraps\/","title":{"rendered":"Beeswax wraps"},"content":{"rendered":"<h1>Organic and breathable beeswax wraps are suitable for food wrapping and comfortably cover the bowls.<\/h1>\n<p>Covered with beeswax, the linen takes shape from the heat of Your hands, and in the refrigerator it becomes stiffer and retains its new shape.<br \/>\nBeeswax food wraps allow food to breath, and antibacterial properties of wax ensure the freshness of the food.<\/p>\n<div>Just think how much plastic food wrap You use once and throw away. Such plastic is usually not recyclable, meaning it remains on the Earth&#8217;s surface for centuries.<\/div>\n<div><\/div>\n<div>Although beeswax wraps retains its best properties when used for about 1 year. However, even after use, they are not harmful to the environment. In addition, it is also financially beneficial, as there is no need to constantly buy plastic wraps for food.<\/div>\n<h4>Care:<\/h4>\n<p>after use rinse with cold water and allow to dry.<\/p>\n<p>Store in a cool and dry place.<\/p>\n<p>Do not scrub or cut with the knife as this may affect the beeswax coating.<br \/>\nAvoid heat, hot water and allow the products to cool before placing them in the beeswax wrap.<br \/>\nDo not use in microwave, do not wrap fresh meat, fish and pineapples.<br \/>\nBeeswax wraps can be use up to one year.<\/p>\n<h4>Made from cotton and beeswax.<br \/>\nThe set consists of 3 different sizes: 18\u00d720cm , 25\u00d728cm and 33\u00d735 cm.<\/h4>\n<p>You can use beeswax wraps not only at home to cover <a href=\"https:\/\/greenwhale.eu\/en\/product\/coconut-bowl\/\"><strong>coconut bowls<\/strong><\/a>, but also when traveling &#8211; transporting wrapped food in a <a href=\"https:\/\/greenwhale.eu\/en\/product\/stainless-steel-lunch-box\/\"><strong>stainless steal food box<\/strong><\/a>.<\/p>\n","protected":false},"excerpt":{"rendered":"<p>Organic and breathable beeswax wraps are suitable for food wrapping and comfortably cover the bowls. Covered with beeswax, the linen takes shape from the heat of Your hands, and in the refrigerator it becomes stiffer and retains its new shape. Beeswax food wraps allow food to breath, and antibacterial properties of wax ensure the freshness [&#8230;]\n","protected":false},"featured_media":2692,"comment_status":"closed","ping_status":"closed","template":"","meta":[],"product_brand":[],"product_cat":[42,45,75],"product_tag":[],"class_list":{"0":"post-1175","1":"product","2":"type-product","3":"status-publish","4":"has-post-thumbnail","6":"product_cat-for-home","7":"product_cat-for-kitchen","8":"product_cat-visi-produktai-en","10":"first","11":"instock","12":"taxable","13":"shipping-taxable","14":"purchasable","15":"product-type-simple"},"yoast_head":"<!-- This site is optimized with the Yoast SEO plugin v27.4 - https:\/\/yoast.com\/product\/yoast-seo-wordpress\/ -->\n<title>Beeswax wraps - Green Whale<\/title>\n<meta name=\"description\" content=\"Beeswax wraps or wax cloths - perfectly replace the plastic food cover, and due to the natural composition of cotton and wax, your food will breathe.\" \/>\n<meta name=\"robots\" content=\"index, follow, max-snippet:-1, max-image-preview:large, max-video-preview:-1\" \/>\n<link rel=\"canonical\" href=\"https:\/\/greenwhale.eu\/en\/product\/beeswax-wraps\/\" \/>\n<meta property=\"og:locale\" content=\"en_US\" \/>\n<meta property=\"og:type\" content=\"article\" \/>\n<meta property=\"og:title\" content=\"Beeswax wraps - Green Whale\" \/>\n<meta property=\"og:description\" content=\"Beeswax wraps or wax cloths - perfectly replace the plastic food cover, and due to the natural composition of cotton and wax, your food will breathe.\" \/>\n<meta property=\"og:url\" content=\"https:\/\/greenwhale.eu\/en\/product\/beeswax-wraps\/\" \/>\n<meta property=\"og:site_name\" content=\"Green Whale\" \/>\n<meta property=\"article:publisher\" content=\"https:\/\/www.facebook.com\/greenwhalelife\" \/>\n<meta property=\"article:modified_time\" content=\"2026-04-10T20:34:18+00:00\" \/>\n<meta property=\"og:image\" content=\"https:\/\/greenwhale.eu\/wp-content\/uploads\/2021\/10\/Vasko-drobeles-kokosinis-dubenelis.jpg\" \/>\n\t<meta property=\"og:image:width\" content=\"1448\" \/>\n\t<meta property=\"og:image:height\" content=\"1448\" \/>\n\t<meta property=\"og:image:type\" content=\"image\/jpeg\" \/>\n<meta name=\"twitter:card\" content=\"summary_large_image\" \/>\n<meta name=\"twitter:label1\" content=\"Est. reading time\" \/>\n\t<meta name=\"twitter:data1\" content=\"1 minute\" \/>\n<script type=\"application\/ld+json\" class=\"yoast-schema-graph\">{\"@context\":\"https:\\\/\\\/schema.org\",\"@graph\":[{\"@type\":\"WebPage\",\"@id\":\"https:\\\/\\\/greenwhale.eu\\\/en\\\/product\\\/beeswax-wraps\\\/\",\"url\":\"https:\\\/\\\/greenwhale.eu\\\/en\\\/product\\\/beeswax-wraps\\\/\",\"name\":\"Beeswax wraps - Green Whale\",\"isPartOf\":{\"@id\":\"https:\\\/\\\/greenwhale.eu\\\/#website\"},\"primaryImageOfPage\":{\"@id\":\"https:\\\/\\\/greenwhale.eu\\\/en\\\/product\\\/beeswax-wraps\\\/#primaryimage\"},\"image\":{\"@id\":\"https:\\\/\\\/greenwhale.eu\\\/en\\\/product\\\/beeswax-wraps\\\/#primaryimage\"},\"thumbnailUrl\":\"https:\\\/\\\/greenwhale.eu\\\/wp-content\\\/uploads\\\/2021\\\/10\\\/Vasko-drobeles-kokosinis-dubenelis.jpg\",\"datePublished\":\"2021-04-07T08:45:30+00:00\",\"dateModified\":\"2026-04-10T20:34:18+00:00\",\"description\":\"Beeswax wraps or wax cloths - perfectly replace the plastic food cover, and due to the natural composition of cotton and wax, your food will breathe.\",\"breadcrumb\":{\"@id\":\"https:\\\/\\\/greenwhale.eu\\\/en\\\/product\\\/beeswax-wraps\\\/#breadcrumb\"},\"inLanguage\":\"en-US\",\"potentialAction\":[{\"@type\":\"ReadAction\",\"target\":[\"https:\\\/\\\/greenwhale.eu\\\/en\\\/product\\\/beeswax-wraps\\\/\"]}]},{\"@type\":\"ImageObject\",\"inLanguage\":\"en-US\",\"@id\":\"https:\\\/\\\/greenwhale.eu\\\/en\\\/product\\\/beeswax-wraps\\\/#primaryimage\",\"url\":\"https:\\\/\\\/greenwhale.eu\\\/wp-content\\\/uploads\\\/2021\\\/10\\\/Vasko-drobeles-kokosinis-dubenelis.jpg\",\"contentUrl\":\"https:\\\/\\\/greenwhale.eu\\\/wp-content\\\/uploads\\\/2021\\\/10\\\/Vasko-drobeles-kokosinis-dubenelis.jpg\",\"width\":1448,\"height\":1448,\"caption\":\"bees Wax cloth coconut bowl covered with food plum carrot bread slice\"},{\"@type\":\"BreadcrumbList\",\"@id\":\"https:\\\/\\\/greenwhale.eu\\\/en\\\/product\\\/beeswax-wraps\\\/#breadcrumb\",\"itemListElement\":[{\"@type\":\"ListItem\",\"position\":1,\"name\":\"Home\",\"item\":\"https:\\\/\\\/greenwhale.eu\\\/en\\\/\"},{\"@type\":\"ListItem\",\"position\":2,\"name\":\"Shop\",\"item\":\"https:\\\/\\\/greenwhale.eu\\\/en\\\/shop\\\/\"},{\"@type\":\"ListItem\",\"position\":3,\"name\":\"Beeswax wraps\"}]},{\"@type\":\"WebSite\",\"@id\":\"https:\\\/\\\/greenwhale.eu\\\/#website\",\"url\":\"https:\\\/\\\/greenwhale.eu\\\/\",\"name\":\"Green Whale\",\"description\":\"Eco friendly and Zero Waste products for every occasion\",\"publisher\":{\"@id\":\"https:\\\/\\\/greenwhale.eu\\\/#organization\"},\"potentialAction\":[{\"@type\":\"SearchAction\",\"target\":{\"@type\":\"EntryPoint\",\"urlTemplate\":\"https:\\\/\\\/greenwhale.eu\\\/?s={search_term_string}\"},\"query-input\":{\"@type\":\"PropertyValueSpecification\",\"valueRequired\":true,\"valueName\":\"search_term_string\"}}],\"inLanguage\":\"en-US\"},{\"@type\":\"Organization\",\"@id\":\"https:\\\/\\\/greenwhale.eu\\\/#organization\",\"name\":\"Technikos detal\u0117s, UAB\",\"url\":\"https:\\\/\\\/greenwhale.eu\\\/\",\"logo\":{\"@type\":\"ImageObject\",\"inLanguage\":\"en-US\",\"@id\":\"https:\\\/\\\/greenwhale.eu\\\/#\\\/schema\\\/logo\\\/image\\\/\",\"url\":\"https:\\\/\\\/greenwhale.eu\\\/wp-content\\\/uploads\\\/2021\\\/09\\\/greenwhale-2.png\",\"contentUrl\":\"https:\\\/\\\/greenwhale.eu\\\/wp-content\\\/uploads\\\/2021\\\/09\\\/greenwhale-2.png\",\"width\":1414,\"height\":526,\"caption\":\"Technikos detal\u0117s, UAB\"},\"image\":{\"@id\":\"https:\\\/\\\/greenwhale.eu\\\/#\\\/schema\\\/logo\\\/image\\\/\"},\"sameAs\":[\"https:\\\/\\\/www.facebook.com\\\/greenwhalelife\",\"https:\\\/\\\/www.instagram.com\\\/greenwhale.eu\\\/\",\"https:\\\/\\\/www.linkedin.com\\\/in\\\/ausra-zaikauskiene-8bb0b581\\\/\"]}]}<\/script>\n<!-- \/ Yoast SEO plugin. -->","yoast_head_json":{"title":"Beeswax wraps - Green Whale","description":"Beeswax wraps or wax cloths - perfectly replace the plastic food cover, and due to the natural composition of cotton and wax, your food will breathe.","robots":{"index":"index","follow":"follow","max-snippet":"max-snippet:-1","max-image-preview":"max-image-preview:large","max-video-preview":"max-video-preview:-1"},"canonical":"https:\/\/greenwhale.eu\/en\/product\/beeswax-wraps\/","og_locale":"en_US","og_type":"article","og_title":"Beeswax wraps - Green Whale","og_description":"Beeswax wraps or wax cloths - perfectly replace the plastic food cover, and due to the natural composition of cotton and wax, your food will breathe.","og_url":"https:\/\/greenwhale.eu\/en\/product\/beeswax-wraps\/","og_site_name":"Green Whale","article_publisher":"https:\/\/www.facebook.com\/greenwhalelife","article_modified_time":"2026-04-10T20:34:18+00:00","og_image":[{"width":1448,"height":1448,"url":"https:\/\/greenwhale.eu\/wp-content\/uploads\/2021\/10\/Vasko-drobeles-kokosinis-dubenelis.jpg","type":"image\/jpeg"}],"twitter_card":"summary_large_image","twitter_misc":{"Est. reading time":"1 minute"},"schema":{"@context":"https:\/\/schema.org","@graph":[{"@type":"WebPage","@id":"https:\/\/greenwhale.eu\/en\/product\/beeswax-wraps\/","url":"https:\/\/greenwhale.eu\/en\/product\/beeswax-wraps\/","name":"Beeswax wraps - Green Whale","isPartOf":{"@id":"https:\/\/greenwhale.eu\/#website"},"primaryImageOfPage":{"@id":"https:\/\/greenwhale.eu\/en\/product\/beeswax-wraps\/#primaryimage"},"image":{"@id":"https:\/\/greenwhale.eu\/en\/product\/beeswax-wraps\/#primaryimage"},"thumbnailUrl":"https:\/\/greenwhale.eu\/wp-content\/uploads\/2021\/10\/Vasko-drobeles-kokosinis-dubenelis.jpg","datePublished":"2021-04-07T08:45:30+00:00","dateModified":"2026-04-10T20:34:18+00:00","description":"Beeswax wraps or wax cloths - perfectly replace the plastic food cover, and due to the natural composition of cotton and wax, your food will breathe.","breadcrumb":{"@id":"https:\/\/greenwhale.eu\/en\/product\/beeswax-wraps\/#breadcrumb"},"inLanguage":"en-US","potentialAction":[{"@type":"ReadAction","target":["https:\/\/greenwhale.eu\/en\/product\/beeswax-wraps\/"]}]},{"@type":"ImageObject","inLanguage":"en-US","@id":"https:\/\/greenwhale.eu\/en\/product\/beeswax-wraps\/#primaryimage","url":"https:\/\/greenwhale.eu\/wp-content\/uploads\/2021\/10\/Vasko-drobeles-kokosinis-dubenelis.jpg","contentUrl":"https:\/\/greenwhale.eu\/wp-content\/uploads\/2021\/10\/Vasko-drobeles-kokosinis-dubenelis.jpg","width":1448,"height":1448,"caption":"bees Wax cloth coconut bowl covered with food plum carrot bread slice"},{"@type":"BreadcrumbList","@id":"https:\/\/greenwhale.eu\/en\/product\/beeswax-wraps\/#breadcrumb","itemListElement":[{"@type":"ListItem","position":1,"name":"Home","item":"https:\/\/greenwhale.eu\/en\/"},{"@type":"ListItem","position":2,"name":"Shop","item":"https:\/\/greenwhale.eu\/en\/shop\/"},{"@type":"ListItem","position":3,"name":"Beeswax wraps"}]},{"@type":"WebSite","@id":"https:\/\/greenwhale.eu\/#website","url":"https:\/\/greenwhale.eu\/","name":"Green Whale","description":"Eco friendly and Zero Waste products for every occasion","publisher":{"@id":"https:\/\/greenwhale.eu\/#organization"},"potentialAction":[{"@type":"SearchAction","target":{"@type":"EntryPoint","urlTemplate":"https:\/\/greenwhale.eu\/?s={search_term_string}"},"query-input":{"@type":"PropertyValueSpecification","valueRequired":true,"valueName":"search_term_string"}}],"inLanguage":"en-US"},{"@type":"Organization","@id":"https:\/\/greenwhale.eu\/#organization","name":"Technikos detal\u0117s, UAB","url":"https:\/\/greenwhale.eu\/","logo":{"@type":"ImageObject","inLanguage":"en-US","@id":"https:\/\/greenwhale.eu\/#\/schema\/logo\/image\/","url":"https:\/\/greenwhale.eu\/wp-content\/uploads\/2021\/09\/greenwhale-2.png","contentUrl":"https:\/\/greenwhale.eu\/wp-content\/uploads\/2021\/09\/greenwhale-2.png","width":1414,"height":526,"caption":"Technikos detal\u0117s, UAB"},"image":{"@id":"https:\/\/greenwhale.eu\/#\/schema\/logo\/image\/"},"sameAs":["https:\/\/www.facebook.com\/greenwhalelife","https:\/\/www.instagram.com\/greenwhale.eu\/","https:\/\/www.linkedin.com\/in\/ausra-zaikauskiene-8bb0b581\/"]}]}},"_links":{"self":[{"href":"https:\/\/greenwhale.eu\/en\/wp-json\/wp\/v2\/product\/1175","targetHints":{"allow":["GET"]}}],"collection":[{"href":"https:\/\/greenwhale.eu\/en\/wp-json\/wp\/v2\/product"}],"about":[{"href":"https:\/\/greenwhale.eu\/en\/wp-json\/wp\/v2\/types\/product"}],"replies":[{"embeddable":true,"href":"https:\/\/greenwhale.eu\/en\/wp-json\/wp\/v2\/comments?post=1175"}],"wp:featuredmedia":[{"embeddable":true,"href":"https:\/\/greenwhale.eu\/en\/wp-json\/wp\/v2\/media\/2692"}],"wp:attachment":[{"href":"https:\/\/greenwhale.eu\/en\/wp-json\/wp\/v2\/media?parent=1175"}],"wp:term":[{"taxonomy":"product_brand","embeddable":true,"href":"https:\/\/greenwhale.eu\/en\/wp-json\/wp\/v2\/product_brand?post=1175"},{"taxonomy":"product_cat","embeddable":true,"href":"https:\/\/greenwhale.eu\/en\/wp-json\/wp\/v2\/product_cat?post=1175"},{"taxonomy":"product_tag","embeddable":true,"href":"https:\/\/greenwhale.eu\/en\/wp-json\/wp\/v2\/product_tag?post=1175"}],"curies":[{"name":"wp","href":"https:\/\/api.w.org\/{rel}","templated":true}]}}