{"id":3271,"date":"2022-02-28T14:55:31","date_gmt":"2022-02-28T14:55:31","guid":{"rendered":"https:\/\/greenwhale.eu\/product\/eco-friendly-sponge-cloth-from-celuloz\/"},"modified":"2025-06-25T05:58:29","modified_gmt":"2025-06-25T05:58:29","slug":"eco-friendly-sponge-cloth-from-celuloz","status":"publish","type":"product","link":"https:\/\/greenwhale.eu\/en\/product\/eco-friendly-sponge-cloth-from-celuloz\/","title":{"rendered":"Eco-friendly sponge cloth from cellulose, 2 pcs"},"content":{"rendered":"<h1>Sustainable sponge cloth made of cellulose.<\/h1>\n<div>Sponge cloths are 100% plastic free.<\/div>\n<div>The highest quality of fair production and washing up to 95 degrees Celsius guarantees long durability.<\/div>\n<div><\/div>\n<div>Natural sponge cloths will complement your range of sustainable kitchen utensils and are an ideal addition to the eco-friendly cleaning tools you use in your kitchen &#8211; the <a href=\"https:\/\/greenwhale.eu\/en\/product\/tampico-dish-brush-with-bamboo-handle\/\"><strong>bamboo dishwashing brush with Tampico bristles<\/strong><\/a> or the <strong><a href=\"https:\/\/greenwhale.eu\/en\/product\/loofah-pad-2\/\">natural Loofah sponge.<\/a><\/strong><\/div>\n<div>With these cloths you can save up to 50 pcs. rolls of paper towels.<\/div>\n<div><\/div>\n<div>The cloths are made from 100% renewable raw materials and can be washed several times up to 95 \u00b0 C, so they can be used repeatedly for a long time.<\/div>\n<div><\/div>\n<h2>Reusable cellulose cloths:<\/h2>\n<ul>\n<li>Biodegradable, can be composted at home.<\/li>\n<li>Absorbs liquids like conventional plastic alternatives.<\/li>\n<li>Dimensions 170 x 195 mm.<\/li>\n<li>Weight: 0.225 g.<\/li>\n<li>The packaging of the cloths is sustainable: vegan and palm oil-free printing ink and cardboard tape made from recycled paper are used.<\/li>\n<li>Sponge fabric (2x) made of cellulose.<\/li>\n<\/ul>\n","protected":false},"excerpt":{"rendered":"<p>Sustainable sponge cloth made of cellulose. Sponge cloths are 100% plastic free. The highest quality of fair production and washing up to 95 degrees Celsius guarantees long durability. Natural sponge cloths will complement your range of sustainable kitchen utensils and are an ideal addition to the eco-friendly cleaning tools you use in your kitchen &#8211; [&#8230;]\n","protected":false},"featured_media":3238,"comment_status":"open","ping_status":"closed","template":"","meta":[],"product_brand":[],"product_cat":[44,42,45,75],"product_tag":[],"class_list":{"0":"post-3271","1":"product","2":"type-product","3":"status-publish","4":"has-post-thumbnail","6":"product_cat-cleaning-and-laundry","7":"product_cat-for-home","8":"product_cat-for-kitchen","9":"product_cat-visi-produktai-en","11":"first","12":"instock","13":"taxable","14":"shipping-taxable","15":"purchasable","16":"product-type-simple"},"yoast_head":"<!-- This site is optimized with the Yoast SEO plugin v27.3 - https:\/\/yoast.com\/product\/yoast-seo-wordpress\/ -->\n<title>Eco-friendly sponge cloth from cellulose, 2 pcs - Green Whale<\/title>\n<meta name=\"description\" content=\"Absorbs liquids like ordinary plastic alternatives. Washable up to 95 degrees Celsius. Reusable. Compostable.\" \/>\n<meta name=\"robots\" content=\"index, follow, max-snippet:-1, max-image-preview:large, max-video-preview:-1\" \/>\n<link rel=\"canonical\" href=\"https:\/\/greenwhale.eu\/en\/product\/eco-friendly-sponge-cloth-from-celuloz\/\" \/>\n<meta property=\"og:locale\" content=\"en_US\" \/>\n<meta property=\"og:type\" content=\"article\" \/>\n<meta property=\"og:title\" content=\"Eco-friendly sponge cloth from cellulose, 2 pcs - Green Whale\" \/>\n<meta property=\"og:description\" content=\"Absorbs liquids like ordinary plastic alternatives. Washable up to 95 degrees Celsius. Reusable. Compostable.\" \/>\n<meta property=\"og:url\" content=\"https:\/\/greenwhale.eu\/en\/product\/eco-friendly-sponge-cloth-from-celuloz\/\" \/>\n<meta property=\"og:site_name\" content=\"Green Whale\" \/>\n<meta property=\"article:publisher\" content=\"https:\/\/www.facebook.com\/greenwhalelife\" \/>\n<meta property=\"article:modified_time\" content=\"2025-06-25T05:58:29+00:00\" \/>\n<meta property=\"og:image\" content=\"https:\/\/greenwhale.eu\/wp-content\/uploads\/2022\/02\/Daugkartinio-naudojimo-suyrancios-sluostes.jpg\" \/>\n\t<meta property=\"og:image:width\" content=\"569\" \/>\n\t<meta property=\"og:image:height\" content=\"459\" \/>\n\t<meta property=\"og:image:type\" content=\"image\/jpeg\" \/>\n<meta name=\"twitter:card\" content=\"summary_large_image\" \/>\n<meta name=\"twitter:label1\" content=\"Est. reading time\" \/>\n\t<meta name=\"twitter:data1\" content=\"1 minute\" \/>\n<script type=\"application\/ld+json\" class=\"yoast-schema-graph\">{\"@context\":\"https:\\\/\\\/schema.org\",\"@graph\":[{\"@type\":\"WebPage\",\"@id\":\"https:\\\/\\\/greenwhale.eu\\\/en\\\/product\\\/eco-friendly-sponge-cloth-from-celuloz\\\/\",\"url\":\"https:\\\/\\\/greenwhale.eu\\\/en\\\/product\\\/eco-friendly-sponge-cloth-from-celuloz\\\/\",\"name\":\"Eco-friendly sponge cloth from cellulose, 2 pcs - Green Whale\",\"isPartOf\":{\"@id\":\"https:\\\/\\\/greenwhale.eu\\\/#website\"},\"primaryImageOfPage\":{\"@id\":\"https:\\\/\\\/greenwhale.eu\\\/en\\\/product\\\/eco-friendly-sponge-cloth-from-celuloz\\\/#primaryimage\"},\"image\":{\"@id\":\"https:\\\/\\\/greenwhale.eu\\\/en\\\/product\\\/eco-friendly-sponge-cloth-from-celuloz\\\/#primaryimage\"},\"thumbnailUrl\":\"https:\\\/\\\/greenwhale.eu\\\/wp-content\\\/uploads\\\/2022\\\/02\\\/Daugkartinio-naudojimo-suyrancios-sluostes.jpg\",\"datePublished\":\"2022-02-28T14:55:31+00:00\",\"dateModified\":\"2025-06-25T05:58:29+00:00\",\"description\":\"Absorbs liquids like ordinary plastic alternatives. Washable up to 95 degrees Celsius. Reusable. Compostable.\",\"breadcrumb\":{\"@id\":\"https:\\\/\\\/greenwhale.eu\\\/en\\\/product\\\/eco-friendly-sponge-cloth-from-celuloz\\\/#breadcrumb\"},\"inLanguage\":\"en-US\",\"potentialAction\":[{\"@type\":\"ReadAction\",\"target\":[\"https:\\\/\\\/greenwhale.eu\\\/en\\\/product\\\/eco-friendly-sponge-cloth-from-celuloz\\\/\"]}]},{\"@type\":\"ImageObject\",\"inLanguage\":\"en-US\",\"@id\":\"https:\\\/\\\/greenwhale.eu\\\/en\\\/product\\\/eco-friendly-sponge-cloth-from-celuloz\\\/#primaryimage\",\"url\":\"https:\\\/\\\/greenwhale.eu\\\/wp-content\\\/uploads\\\/2022\\\/02\\\/Daugkartinio-naudojimo-suyrancios-sluostes.jpg\",\"contentUrl\":\"https:\\\/\\\/greenwhale.eu\\\/wp-content\\\/uploads\\\/2022\\\/02\\\/Daugkartinio-naudojimo-suyrancios-sluostes.jpg\",\"width\":569,\"height\":459,\"caption\":\"\u0160luost\u0117 i\u0161 celiulioz\u0117s, daugkartinio naudojimo, 2 vnt\"},{\"@type\":\"BreadcrumbList\",\"@id\":\"https:\\\/\\\/greenwhale.eu\\\/en\\\/product\\\/eco-friendly-sponge-cloth-from-celuloz\\\/#breadcrumb\",\"itemListElement\":[{\"@type\":\"ListItem\",\"position\":1,\"name\":\"Home\",\"item\":\"https:\\\/\\\/greenwhale.eu\\\/en\\\/\"},{\"@type\":\"ListItem\",\"position\":2,\"name\":\"Shop\",\"item\":\"https:\\\/\\\/greenwhale.eu\\\/en\\\/shop\\\/\"},{\"@type\":\"ListItem\",\"position\":3,\"name\":\"Eco-friendly sponge cloth from cellulose, 2 pcs\"}]},{\"@type\":\"WebSite\",\"@id\":\"https:\\\/\\\/greenwhale.eu\\\/#website\",\"url\":\"https:\\\/\\\/greenwhale.eu\\\/\",\"name\":\"Green Whale\",\"description\":\"Eco friendly and Zero Waste products for every occasion\",\"publisher\":{\"@id\":\"https:\\\/\\\/greenwhale.eu\\\/#organization\"},\"potentialAction\":[{\"@type\":\"SearchAction\",\"target\":{\"@type\":\"EntryPoint\",\"urlTemplate\":\"https:\\\/\\\/greenwhale.eu\\\/?s={search_term_string}\"},\"query-input\":{\"@type\":\"PropertyValueSpecification\",\"valueRequired\":true,\"valueName\":\"search_term_string\"}}],\"inLanguage\":\"en-US\"},{\"@type\":\"Organization\",\"@id\":\"https:\\\/\\\/greenwhale.eu\\\/#organization\",\"name\":\"Technikos detal\u0117s, UAB\",\"url\":\"https:\\\/\\\/greenwhale.eu\\\/\",\"logo\":{\"@type\":\"ImageObject\",\"inLanguage\":\"en-US\",\"@id\":\"https:\\\/\\\/greenwhale.eu\\\/#\\\/schema\\\/logo\\\/image\\\/\",\"url\":\"https:\\\/\\\/greenwhale.eu\\\/wp-content\\\/uploads\\\/2021\\\/09\\\/greenwhale-2.png\",\"contentUrl\":\"https:\\\/\\\/greenwhale.eu\\\/wp-content\\\/uploads\\\/2021\\\/09\\\/greenwhale-2.png\",\"width\":1414,\"height\":526,\"caption\":\"Technikos detal\u0117s, UAB\"},\"image\":{\"@id\":\"https:\\\/\\\/greenwhale.eu\\\/#\\\/schema\\\/logo\\\/image\\\/\"},\"sameAs\":[\"https:\\\/\\\/www.facebook.com\\\/greenwhalelife\",\"https:\\\/\\\/www.instagram.com\\\/greenwhale.eu\\\/\",\"https:\\\/\\\/www.linkedin.com\\\/in\\\/ausra-zaikauskiene-8bb0b581\\\/\"]}]}<\/script>\n<!-- \/ Yoast SEO plugin. -->","yoast_head_json":{"title":"Eco-friendly sponge cloth from cellulose, 2 pcs - Green Whale","description":"Absorbs liquids like ordinary plastic alternatives. Washable up to 95 degrees Celsius. Reusable. Compostable.","robots":{"index":"index","follow":"follow","max-snippet":"max-snippet:-1","max-image-preview":"max-image-preview:large","max-video-preview":"max-video-preview:-1"},"canonical":"https:\/\/greenwhale.eu\/en\/product\/eco-friendly-sponge-cloth-from-celuloz\/","og_locale":"en_US","og_type":"article","og_title":"Eco-friendly sponge cloth from cellulose, 2 pcs - Green Whale","og_description":"Absorbs liquids like ordinary plastic alternatives. Washable up to 95 degrees Celsius. Reusable. Compostable.","og_url":"https:\/\/greenwhale.eu\/en\/product\/eco-friendly-sponge-cloth-from-celuloz\/","og_site_name":"Green Whale","article_publisher":"https:\/\/www.facebook.com\/greenwhalelife","article_modified_time":"2025-06-25T05:58:29+00:00","og_image":[{"width":569,"height":459,"url":"https:\/\/greenwhale.eu\/wp-content\/uploads\/2022\/02\/Daugkartinio-naudojimo-suyrancios-sluostes.jpg","type":"image\/jpeg"}],"twitter_card":"summary_large_image","twitter_misc":{"Est. reading time":"1 minute"},"schema":{"@context":"https:\/\/schema.org","@graph":[{"@type":"WebPage","@id":"https:\/\/greenwhale.eu\/en\/product\/eco-friendly-sponge-cloth-from-celuloz\/","url":"https:\/\/greenwhale.eu\/en\/product\/eco-friendly-sponge-cloth-from-celuloz\/","name":"Eco-friendly sponge cloth from cellulose, 2 pcs - Green Whale","isPartOf":{"@id":"https:\/\/greenwhale.eu\/#website"},"primaryImageOfPage":{"@id":"https:\/\/greenwhale.eu\/en\/product\/eco-friendly-sponge-cloth-from-celuloz\/#primaryimage"},"image":{"@id":"https:\/\/greenwhale.eu\/en\/product\/eco-friendly-sponge-cloth-from-celuloz\/#primaryimage"},"thumbnailUrl":"https:\/\/greenwhale.eu\/wp-content\/uploads\/2022\/02\/Daugkartinio-naudojimo-suyrancios-sluostes.jpg","datePublished":"2022-02-28T14:55:31+00:00","dateModified":"2025-06-25T05:58:29+00:00","description":"Absorbs liquids like ordinary plastic alternatives. Washable up to 95 degrees Celsius. Reusable. Compostable.","breadcrumb":{"@id":"https:\/\/greenwhale.eu\/en\/product\/eco-friendly-sponge-cloth-from-celuloz\/#breadcrumb"},"inLanguage":"en-US","potentialAction":[{"@type":"ReadAction","target":["https:\/\/greenwhale.eu\/en\/product\/eco-friendly-sponge-cloth-from-celuloz\/"]}]},{"@type":"ImageObject","inLanguage":"en-US","@id":"https:\/\/greenwhale.eu\/en\/product\/eco-friendly-sponge-cloth-from-celuloz\/#primaryimage","url":"https:\/\/greenwhale.eu\/wp-content\/uploads\/2022\/02\/Daugkartinio-naudojimo-suyrancios-sluostes.jpg","contentUrl":"https:\/\/greenwhale.eu\/wp-content\/uploads\/2022\/02\/Daugkartinio-naudojimo-suyrancios-sluostes.jpg","width":569,"height":459,"caption":"\u0160luost\u0117 i\u0161 celiulioz\u0117s, daugkartinio naudojimo, 2 vnt"},{"@type":"BreadcrumbList","@id":"https:\/\/greenwhale.eu\/en\/product\/eco-friendly-sponge-cloth-from-celuloz\/#breadcrumb","itemListElement":[{"@type":"ListItem","position":1,"name":"Home","item":"https:\/\/greenwhale.eu\/en\/"},{"@type":"ListItem","position":2,"name":"Shop","item":"https:\/\/greenwhale.eu\/en\/shop\/"},{"@type":"ListItem","position":3,"name":"Eco-friendly sponge cloth from cellulose, 2 pcs"}]},{"@type":"WebSite","@id":"https:\/\/greenwhale.eu\/#website","url":"https:\/\/greenwhale.eu\/","name":"Green Whale","description":"Eco friendly and Zero Waste products for every occasion","publisher":{"@id":"https:\/\/greenwhale.eu\/#organization"},"potentialAction":[{"@type":"SearchAction","target":{"@type":"EntryPoint","urlTemplate":"https:\/\/greenwhale.eu\/?s={search_term_string}"},"query-input":{"@type":"PropertyValueSpecification","valueRequired":true,"valueName":"search_term_string"}}],"inLanguage":"en-US"},{"@type":"Organization","@id":"https:\/\/greenwhale.eu\/#organization","name":"Technikos detal\u0117s, UAB","url":"https:\/\/greenwhale.eu\/","logo":{"@type":"ImageObject","inLanguage":"en-US","@id":"https:\/\/greenwhale.eu\/#\/schema\/logo\/image\/","url":"https:\/\/greenwhale.eu\/wp-content\/uploads\/2021\/09\/greenwhale-2.png","contentUrl":"https:\/\/greenwhale.eu\/wp-content\/uploads\/2021\/09\/greenwhale-2.png","width":1414,"height":526,"caption":"Technikos detal\u0117s, UAB"},"image":{"@id":"https:\/\/greenwhale.eu\/#\/schema\/logo\/image\/"},"sameAs":["https:\/\/www.facebook.com\/greenwhalelife","https:\/\/www.instagram.com\/greenwhale.eu\/","https:\/\/www.linkedin.com\/in\/ausra-zaikauskiene-8bb0b581\/"]}]}},"_links":{"self":[{"href":"https:\/\/greenwhale.eu\/en\/wp-json\/wp\/v2\/product\/3271","targetHints":{"allow":["GET"]}}],"collection":[{"href":"https:\/\/greenwhale.eu\/en\/wp-json\/wp\/v2\/product"}],"about":[{"href":"https:\/\/greenwhale.eu\/en\/wp-json\/wp\/v2\/types\/product"}],"replies":[{"embeddable":true,"href":"https:\/\/greenwhale.eu\/en\/wp-json\/wp\/v2\/comments?post=3271"}],"wp:featuredmedia":[{"embeddable":true,"href":"https:\/\/greenwhale.eu\/en\/wp-json\/wp\/v2\/media\/3238"}],"wp:attachment":[{"href":"https:\/\/greenwhale.eu\/en\/wp-json\/wp\/v2\/media?parent=3271"}],"wp:term":[{"taxonomy":"product_brand","embeddable":true,"href":"https:\/\/greenwhale.eu\/en\/wp-json\/wp\/v2\/product_brand?post=3271"},{"taxonomy":"product_cat","embeddable":true,"href":"https:\/\/greenwhale.eu\/en\/wp-json\/wp\/v2\/product_cat?post=3271"},{"taxonomy":"product_tag","embeddable":true,"href":"https:\/\/greenwhale.eu\/en\/wp-json\/wp\/v2\/product_tag?post=3271"}],"curies":[{"name":"wp","href":"https:\/\/api.w.org\/{rel}","templated":true}]}}