{"id":3447,"date":"2022-06-17T12:19:37","date_gmt":"2022-06-17T12:19:37","guid":{"rendered":"https:\/\/greenwhale.eu\/product\/toothbrush-with-bamboo-handle-with-medium-hard-bristles\/"},"modified":"2025-07-24T19:19:17","modified_gmt":"2025-07-24T19:19:17","slug":"toothbrush-with-bamboo-handle-with-medium-hard-bristles","status":"publish","type":"product","link":"https:\/\/greenwhale.eu\/en\/product\/toothbrush-with-bamboo-handle-with-medium-hard-bristles\/","title":{"rendered":"Toothbrush with bamboo handle with medium hard bristles"},"content":{"rendered":"\t<div id=\"text-1249124013\" class=\"text\">\n\t\t\n<h1><span style=\"font-size: 75%;\">Toothbrush with medium hard bristles and bamboo handle.<\/span><\/h1>\n<div>Dental care can be environmentally friendly.<\/div>\n<h2><span style=\"font-size: 75%;\">Usage:<\/span><\/h2>\n<div>The handle of the brush is made of Moss bamboo \u2013 especially fast-regenerating wood. Therefore, you can rest assured that you do not leave plastic waste when using the brush.<\/div>\n<div><\/div>\n<div>The bristles are made of nylon, without harmful BPA.<\/div>\n<div><\/div>\n<div>You can compost or dispose of the old brush handle in a general waste container. It is recommended to remove the bristles and dispose of them separately.<\/div>\n<div><\/div>\n<div>Keep the toothbrush dry.<\/div>\n<div><\/div>\n<div>In order for the teeth to be healthy, to prevent decay, tartar, and the toothbrush to effectively remove plaque \u2013 dentists recommend changing the toothbrush every 3-4 months.<\/div>\n<div><\/div>\n<div>In our range you can also find a toothbrush suitable\u00a0<strong><a href=\"https:\/\/greenwhale.eu\/en\/product\/bamboo-toothbrush-for-kids\/\">for children with a smaller head<\/a><\/strong>\u00a0\u2013 after all, the little ones also want to protect nature!<\/div>\n<p><a href=\"https:\/\/greenwhale.eu\/en\/product-category\/hygiene-and-beauty\/oral-hygiene\/\"><strong>All eco-friendly dental care products.<\/strong><\/a><br \/>\n\t\t\n<style>\n#text-1249124013 {\n  font-size: 1rem;\n  line-height: 1.95;\n}\n<\/style>\n\t<\/div>\n\t\n","protected":false},"excerpt":{"rendered":"","protected":false},"featured_media":4836,"comment_status":"open","ping_status":"closed","template":"","meta":[],"product_brand":[],"product_cat":[39,40,75],"product_tag":[],"class_list":{"0":"post-3447","1":"product","2":"type-product","3":"status-publish","4":"has-post-thumbnail","6":"product_cat-hygiene-and-beauty","7":"product_cat-oral-hygiene","8":"product_cat-visi-produktai-en","10":"first","11":"instock","12":"taxable","13":"shipping-taxable","14":"purchasable","15":"product-type-simple"},"yoast_head":"<!-- This site is optimized with the Yoast SEO plugin v27.3 - https:\/\/yoast.com\/product\/yoast-seo-wordpress\/ -->\n<title>Toothbrush with bamboo handle with medium hard bristles - Green Whale<\/title>\n<meta name=\"description\" content=\"A toothbrush with medium-hard bristles and an ergonomically shaped bamboo handle is a sustainable choice.\" \/>\n<meta name=\"robots\" content=\"index, follow, max-snippet:-1, max-image-preview:large, max-video-preview:-1\" \/>\n<link rel=\"canonical\" href=\"https:\/\/greenwhale.eu\/en\/product\/toothbrush-with-bamboo-handle-with-medium-hard-bristles\/\" \/>\n<meta property=\"og:locale\" content=\"en_US\" \/>\n<meta property=\"og:type\" content=\"article\" \/>\n<meta property=\"og:title\" content=\"Toothbrush with bamboo handle with medium hard bristles - Green Whale\" \/>\n<meta property=\"og:description\" content=\"A toothbrush with medium-hard bristles and an ergonomically shaped bamboo handle is a sustainable choice.\" \/>\n<meta property=\"og:url\" content=\"https:\/\/greenwhale.eu\/en\/product\/toothbrush-with-bamboo-handle-with-medium-hard-bristles\/\" \/>\n<meta property=\"og:site_name\" content=\"Green Whale\" \/>\n<meta property=\"article:publisher\" content=\"https:\/\/www.facebook.com\/greenwhalelife\" \/>\n<meta property=\"article:modified_time\" content=\"2025-07-24T19:19:17+00:00\" \/>\n<meta property=\"og:image\" content=\"https:\/\/greenwhale.eu\/wp-content\/uploads\/2021\/10\/bambukinis-dantu-sepetelis-vidutinio-kietumo-sereliais.jpg\" \/>\n\t<meta property=\"og:image:width\" content=\"1447\" \/>\n\t<meta property=\"og:image:height\" content=\"1448\" \/>\n\t<meta property=\"og:image:type\" content=\"image\/jpeg\" \/>\n<meta name=\"twitter:card\" content=\"summary_large_image\" \/>\n<meta name=\"twitter:label1\" content=\"Est. reading time\" \/>\n\t<meta name=\"twitter:data1\" content=\"1 minute\" \/>\n<script type=\"application\/ld+json\" class=\"yoast-schema-graph\">{\"@context\":\"https:\\\/\\\/schema.org\",\"@graph\":[{\"@type\":\"WebPage\",\"@id\":\"https:\\\/\\\/greenwhale.eu\\\/en\\\/product\\\/toothbrush-with-bamboo-handle-with-medium-hard-bristles\\\/\",\"url\":\"https:\\\/\\\/greenwhale.eu\\\/en\\\/product\\\/toothbrush-with-bamboo-handle-with-medium-hard-bristles\\\/\",\"name\":\"Toothbrush with bamboo handle with medium hard bristles - Green Whale\",\"isPartOf\":{\"@id\":\"https:\\\/\\\/greenwhale.eu\\\/#website\"},\"primaryImageOfPage\":{\"@id\":\"https:\\\/\\\/greenwhale.eu\\\/en\\\/product\\\/toothbrush-with-bamboo-handle-with-medium-hard-bristles\\\/#primaryimage\"},\"image\":{\"@id\":\"https:\\\/\\\/greenwhale.eu\\\/en\\\/product\\\/toothbrush-with-bamboo-handle-with-medium-hard-bristles\\\/#primaryimage\"},\"thumbnailUrl\":\"https:\\\/\\\/greenwhale.eu\\\/wp-content\\\/uploads\\\/2022\\\/06\\\/bamboo-handle-toothbruhes-white-color-bristles-medium-green-whale-Copy_.jpg\",\"datePublished\":\"2022-06-17T12:19:37+00:00\",\"dateModified\":\"2025-07-24T19:19:17+00:00\",\"description\":\"A toothbrush with medium-hard bristles and an ergonomically shaped bamboo handle is a sustainable choice.\",\"breadcrumb\":{\"@id\":\"https:\\\/\\\/greenwhale.eu\\\/en\\\/product\\\/toothbrush-with-bamboo-handle-with-medium-hard-bristles\\\/#breadcrumb\"},\"inLanguage\":\"en-US\",\"potentialAction\":[{\"@type\":\"ReadAction\",\"target\":[\"https:\\\/\\\/greenwhale.eu\\\/en\\\/product\\\/toothbrush-with-bamboo-handle-with-medium-hard-bristles\\\/\"]}]},{\"@type\":\"ImageObject\",\"inLanguage\":\"en-US\",\"@id\":\"https:\\\/\\\/greenwhale.eu\\\/en\\\/product\\\/toothbrush-with-bamboo-handle-with-medium-hard-bristles\\\/#primaryimage\",\"url\":\"https:\\\/\\\/greenwhale.eu\\\/wp-content\\\/uploads\\\/2022\\\/06\\\/bamboo-handle-toothbruhes-white-color-bristles-medium-green-whale-Copy_.jpg\",\"contentUrl\":\"https:\\\/\\\/greenwhale.eu\\\/wp-content\\\/uploads\\\/2022\\\/06\\\/bamboo-handle-toothbruhes-white-color-bristles-medium-green-whale-Copy_.jpg\",\"width\":1000,\"height\":1500,\"caption\":\"Bambukinis dant\u0173 \u0161epet\u0117lis\"},{\"@type\":\"BreadcrumbList\",\"@id\":\"https:\\\/\\\/greenwhale.eu\\\/en\\\/product\\\/toothbrush-with-bamboo-handle-with-medium-hard-bristles\\\/#breadcrumb\",\"itemListElement\":[{\"@type\":\"ListItem\",\"position\":1,\"name\":\"Home\",\"item\":\"https:\\\/\\\/greenwhale.eu\\\/en\\\/\"},{\"@type\":\"ListItem\",\"position\":2,\"name\":\"Shop\",\"item\":\"https:\\\/\\\/greenwhale.eu\\\/en\\\/shop\\\/\"},{\"@type\":\"ListItem\",\"position\":3,\"name\":\"Toothbrush with bamboo handle with medium hard bristles\"}]},{\"@type\":\"WebSite\",\"@id\":\"https:\\\/\\\/greenwhale.eu\\\/#website\",\"url\":\"https:\\\/\\\/greenwhale.eu\\\/\",\"name\":\"Green Whale\",\"description\":\"Eco friendly and Zero Waste products for every occasion\",\"publisher\":{\"@id\":\"https:\\\/\\\/greenwhale.eu\\\/#organization\"},\"potentialAction\":[{\"@type\":\"SearchAction\",\"target\":{\"@type\":\"EntryPoint\",\"urlTemplate\":\"https:\\\/\\\/greenwhale.eu\\\/?s={search_term_string}\"},\"query-input\":{\"@type\":\"PropertyValueSpecification\",\"valueRequired\":true,\"valueName\":\"search_term_string\"}}],\"inLanguage\":\"en-US\"},{\"@type\":\"Organization\",\"@id\":\"https:\\\/\\\/greenwhale.eu\\\/#organization\",\"name\":\"Technikos detal\u0117s, UAB\",\"url\":\"https:\\\/\\\/greenwhale.eu\\\/\",\"logo\":{\"@type\":\"ImageObject\",\"inLanguage\":\"en-US\",\"@id\":\"https:\\\/\\\/greenwhale.eu\\\/#\\\/schema\\\/logo\\\/image\\\/\",\"url\":\"https:\\\/\\\/greenwhale.eu\\\/wp-content\\\/uploads\\\/2021\\\/09\\\/greenwhale-2.png\",\"contentUrl\":\"https:\\\/\\\/greenwhale.eu\\\/wp-content\\\/uploads\\\/2021\\\/09\\\/greenwhale-2.png\",\"width\":1414,\"height\":526,\"caption\":\"Technikos detal\u0117s, UAB\"},\"image\":{\"@id\":\"https:\\\/\\\/greenwhale.eu\\\/#\\\/schema\\\/logo\\\/image\\\/\"},\"sameAs\":[\"https:\\\/\\\/www.facebook.com\\\/greenwhalelife\",\"https:\\\/\\\/www.instagram.com\\\/greenwhale.eu\\\/\",\"https:\\\/\\\/www.linkedin.com\\\/in\\\/ausra-zaikauskiene-8bb0b581\\\/\"]}]}<\/script>\n<!-- \/ Yoast SEO plugin. -->","yoast_head_json":{"title":"Toothbrush with bamboo handle with medium hard bristles - Green Whale","description":"A toothbrush with medium-hard bristles and an ergonomically shaped bamboo handle is a sustainable choice.","robots":{"index":"index","follow":"follow","max-snippet":"max-snippet:-1","max-image-preview":"max-image-preview:large","max-video-preview":"max-video-preview:-1"},"canonical":"https:\/\/greenwhale.eu\/en\/product\/toothbrush-with-bamboo-handle-with-medium-hard-bristles\/","og_locale":"en_US","og_type":"article","og_title":"Toothbrush with bamboo handle with medium hard bristles - Green Whale","og_description":"A toothbrush with medium-hard bristles and an ergonomically shaped bamboo handle is a sustainable choice.","og_url":"https:\/\/greenwhale.eu\/en\/product\/toothbrush-with-bamboo-handle-with-medium-hard-bristles\/","og_site_name":"Green Whale","article_publisher":"https:\/\/www.facebook.com\/greenwhalelife","article_modified_time":"2025-07-24T19:19:17+00:00","og_image":[{"width":1447,"height":1448,"url":"https:\/\/greenwhale.eu\/wp-content\/uploads\/2021\/10\/bambukinis-dantu-sepetelis-vidutinio-kietumo-sereliais.jpg","type":"image\/jpeg"}],"twitter_card":"summary_large_image","twitter_misc":{"Est. reading time":"1 minute"},"schema":{"@context":"https:\/\/schema.org","@graph":[{"@type":"WebPage","@id":"https:\/\/greenwhale.eu\/en\/product\/toothbrush-with-bamboo-handle-with-medium-hard-bristles\/","url":"https:\/\/greenwhale.eu\/en\/product\/toothbrush-with-bamboo-handle-with-medium-hard-bristles\/","name":"Toothbrush with bamboo handle with medium hard bristles - Green Whale","isPartOf":{"@id":"https:\/\/greenwhale.eu\/#website"},"primaryImageOfPage":{"@id":"https:\/\/greenwhale.eu\/en\/product\/toothbrush-with-bamboo-handle-with-medium-hard-bristles\/#primaryimage"},"image":{"@id":"https:\/\/greenwhale.eu\/en\/product\/toothbrush-with-bamboo-handle-with-medium-hard-bristles\/#primaryimage"},"thumbnailUrl":"https:\/\/greenwhale.eu\/wp-content\/uploads\/2022\/06\/bamboo-handle-toothbruhes-white-color-bristles-medium-green-whale-Copy_.jpg","datePublished":"2022-06-17T12:19:37+00:00","dateModified":"2025-07-24T19:19:17+00:00","description":"A toothbrush with medium-hard bristles and an ergonomically shaped bamboo handle is a sustainable choice.","breadcrumb":{"@id":"https:\/\/greenwhale.eu\/en\/product\/toothbrush-with-bamboo-handle-with-medium-hard-bristles\/#breadcrumb"},"inLanguage":"en-US","potentialAction":[{"@type":"ReadAction","target":["https:\/\/greenwhale.eu\/en\/product\/toothbrush-with-bamboo-handle-with-medium-hard-bristles\/"]}]},{"@type":"ImageObject","inLanguage":"en-US","@id":"https:\/\/greenwhale.eu\/en\/product\/toothbrush-with-bamboo-handle-with-medium-hard-bristles\/#primaryimage","url":"https:\/\/greenwhale.eu\/wp-content\/uploads\/2022\/06\/bamboo-handle-toothbruhes-white-color-bristles-medium-green-whale-Copy_.jpg","contentUrl":"https:\/\/greenwhale.eu\/wp-content\/uploads\/2022\/06\/bamboo-handle-toothbruhes-white-color-bristles-medium-green-whale-Copy_.jpg","width":1000,"height":1500,"caption":"Bambukinis dant\u0173 \u0161epet\u0117lis"},{"@type":"BreadcrumbList","@id":"https:\/\/greenwhale.eu\/en\/product\/toothbrush-with-bamboo-handle-with-medium-hard-bristles\/#breadcrumb","itemListElement":[{"@type":"ListItem","position":1,"name":"Home","item":"https:\/\/greenwhale.eu\/en\/"},{"@type":"ListItem","position":2,"name":"Shop","item":"https:\/\/greenwhale.eu\/en\/shop\/"},{"@type":"ListItem","position":3,"name":"Toothbrush with bamboo handle with medium hard bristles"}]},{"@type":"WebSite","@id":"https:\/\/greenwhale.eu\/#website","url":"https:\/\/greenwhale.eu\/","name":"Green Whale","description":"Eco friendly and Zero Waste products for every occasion","publisher":{"@id":"https:\/\/greenwhale.eu\/#organization"},"potentialAction":[{"@type":"SearchAction","target":{"@type":"EntryPoint","urlTemplate":"https:\/\/greenwhale.eu\/?s={search_term_string}"},"query-input":{"@type":"PropertyValueSpecification","valueRequired":true,"valueName":"search_term_string"}}],"inLanguage":"en-US"},{"@type":"Organization","@id":"https:\/\/greenwhale.eu\/#organization","name":"Technikos detal\u0117s, UAB","url":"https:\/\/greenwhale.eu\/","logo":{"@type":"ImageObject","inLanguage":"en-US","@id":"https:\/\/greenwhale.eu\/#\/schema\/logo\/image\/","url":"https:\/\/greenwhale.eu\/wp-content\/uploads\/2021\/09\/greenwhale-2.png","contentUrl":"https:\/\/greenwhale.eu\/wp-content\/uploads\/2021\/09\/greenwhale-2.png","width":1414,"height":526,"caption":"Technikos detal\u0117s, UAB"},"image":{"@id":"https:\/\/greenwhale.eu\/#\/schema\/logo\/image\/"},"sameAs":["https:\/\/www.facebook.com\/greenwhalelife","https:\/\/www.instagram.com\/greenwhale.eu\/","https:\/\/www.linkedin.com\/in\/ausra-zaikauskiene-8bb0b581\/"]}]}},"_links":{"self":[{"href":"https:\/\/greenwhale.eu\/en\/wp-json\/wp\/v2\/product\/3447","targetHints":{"allow":["GET"]}}],"collection":[{"href":"https:\/\/greenwhale.eu\/en\/wp-json\/wp\/v2\/product"}],"about":[{"href":"https:\/\/greenwhale.eu\/en\/wp-json\/wp\/v2\/types\/product"}],"replies":[{"embeddable":true,"href":"https:\/\/greenwhale.eu\/en\/wp-json\/wp\/v2\/comments?post=3447"}],"wp:featuredmedia":[{"embeddable":true,"href":"https:\/\/greenwhale.eu\/en\/wp-json\/wp\/v2\/media\/4836"}],"wp:attachment":[{"href":"https:\/\/greenwhale.eu\/en\/wp-json\/wp\/v2\/media?parent=3447"}],"wp:term":[{"taxonomy":"product_brand","embeddable":true,"href":"https:\/\/greenwhale.eu\/en\/wp-json\/wp\/v2\/product_brand?post=3447"},{"taxonomy":"product_cat","embeddable":true,"href":"https:\/\/greenwhale.eu\/en\/wp-json\/wp\/v2\/product_cat?post=3447"},{"taxonomy":"product_tag","embeddable":true,"href":"https:\/\/greenwhale.eu\/en\/wp-json\/wp\/v2\/product_tag?post=3447"}],"curies":[{"name":"wp","href":"https:\/\/api.w.org\/{rel}","templated":true}]}}